{"id":76,"date":"2025-02-04T10:37:20","date_gmt":"2025-02-04T10:37:20","guid":{"rendered":"https:\/\/geosoud.fr\/?page_id=76"},"modified":"2025-02-09T17:13:56","modified_gmt":"2025-02-09T17:13:56","slug":"chanfreineuses-automatiques","status":"publish","type":"page","link":"https:\/\/geosoud.fr\/index.php\/chanfreineuses-automatiques\/","title":{"rendered":"Chanfreineuses automatiques"},"content":{"rendered":"\n\t\t<div id=\"fws_69fc887ce2c91\"  data-column-margin=\"default\" data-midnight=\"dark\" data-top-percent=\"2%\" data-bottom-percent=\"2%\"  class=\"wpb_row vc_row-fluid vc_row\"  style=\"padding-top: calc(100vw * 0.02); padding-bottom: calc(100vw * 0.02); \"><div class=\"row-bg-wrap\" data-bg-animation=\"none\" data-bg-animation-delay=\"\" data-bg-overlay=\"false\"><div class=\"inner-wrap row-bg-layer\" ><div class=\"row-bg viewport-desktop\"  style=\"\"><\/div><\/div><\/div><div class=\"row_col_wrap_12 col span_12 dark left\">\n\t<div  class=\"vc_col-sm-12 wpb_column column_container vc_column_container col no-extra-padding inherit_tablet inherit_phone \"  data-padding-pos=\"all\" data-has-bg-color=\"false\" data-bg-color=\"\" data-bg-opacity=\"1\" data-animation=\"\" data-delay=\"0\" >\n\t\t<div class=\"vc_column-inner\" >\n\t\t\t<div class=\"wpb_wrapper\">\n\t\t\t\t<h2 style=\"text-align: left\" class=\"vc_custom_heading vc_do_custom_heading\" >Chanfreineuses automatiques<\/h2><div id=\"fws_69fc887ce394d\" data-midnight=\"\" data-column-margin=\"default\" class=\"wpb_row vc_row-fluid vc_row inner_row\"  style=\"\"><div class=\"row-bg-wrap\"> <div class=\"row-bg\" ><\/div> <\/div><div class=\"row_col_wrap_12_inner col span_12  left\">\n\t<div  class=\"vc_col-sm-12 wpb_column column_container vc_column_container col child_column no-extra-padding inherit_tablet inherit_phone \"   data-padding-pos=\"all\" data-has-bg-color=\"false\" data-bg-color=\"\" data-bg-opacity=\"1\" data-animation=\"\" data-delay=\"0\" >\n\t\t<div class=\"vc_column-inner\" >\n\t\t<div class=\"wpb_wrapper\">\n\t\t\t\n<div class=\"wpb_text_column wpb_content_element \" >\n\t<div class=\"wpb_wrapper\">\n\t\t<p>Cette partie de la gamme de chanfreineuses est destin\u00e9e \u00e0 usiner les t\u00f4les droites ou courb\u00e9es, mais \u00e9galement les tubes, avec ou sans accessoires en option. L\u2019avance se fait automatiquement et assure ainsi le confort d\u2019utilisation et une finition impeccable.<\/p>\n\t<\/div>\n<\/div>\n\n\n\n\n\t\t<\/div> \n\t<\/div>\n\t<\/div> \n<\/div><\/div>\n\t\t\t<\/div> \n\t\t<\/div>\n\t<\/div> \n<\/div><\/div>\n\t\t<div id=\"fws_69fc887ce4556\"  data-column-margin=\"default\" data-midnight=\"dark\"  class=\"wpb_row vc_row-fluid vc_row\"  style=\"padding-top: 0px; padding-bottom: 0px; \"><div class=\"row-bg-wrap\" data-bg-animation=\"none\" data-bg-animation-delay=\"\" data-bg-overlay=\"false\"><div class=\"inner-wrap row-bg-layer\" ><div class=\"row-bg viewport-desktop\"  style=\"\"><\/div><\/div><\/div><div class=\"row_col_wrap_12 col span_12 dark left\">\n\t<div  class=\"vc_col-sm-12 wpb_column column_container vc_column_container col no-extra-padding inherit_tablet inherit_phone \"  data-padding-pos=\"all\" data-has-bg-color=\"false\" data-bg-color=\"\" data-bg-opacity=\"1\" data-animation=\"\" data-delay=\"0\" >\n\t\t<div class=\"vc_column-inner\" >\n\t\t\t<div class=\"wpb_wrapper\">\n\t\t\t\t<div id=\"fws_69fc887ce4c13\" data-midnight=\"\" data-column-margin=\"default\" class=\"wpb_row vc_row-fluid vc_row inner_row vc_row-o-equal-height vc_row-flex\"  style=\"padding-top: 1%; padding-bottom: 1%; \"><div class=\"row-bg-wrap\"> <div class=\"row-bg\" ><\/div> <\/div><div class=\"row_col_wrap_12_inner col span_12  left\">\n\t<div  class=\"vc_col-sm-4 wpb_column column_container vc_column_container col child_column padding-1-percent inherit_tablet inherit_phone \"   data-shadow=\"small_depth\" data-border-radius=\"5px\" data-border-animation=\"\" data-border-animation-delay=\"\" data-border-width=\"1px\" data-border-style=\"solid\" data-border-color=\"#cccccc\" data-padding-pos=\"all\" data-has-bg-color=\"false\" data-bg-color=\"\" data-bg-opacity=\"1\" data-animation=\"\" data-delay=\"0\" >\n\t\t<div class=\"vc_column-inner\" style=\"border: 1px solid #cccccc;\"><div class=\"column-bg-overlay-wrap column-bg-layer\" data-bg-animation=\"none\"><div class=\"column-bg-overlay\"><\/div><\/div>\n\t\t<div class=\"wpb_wrapper\">\n\t\t\t<div class=\"img-with-aniamtion-wrap  custom-size\" data-max-width=\"100%\" data-max-width-mobile=\"default\" data-border-radius=\"3px\" data-shadow=\"none\" data-animation=\"none\" >\n      <div class=\"inner\">\n        <div class=\"hover-wrap\"> \n          <div class=\"hover-wrap-inner\">\n            <img loading=\"lazy\" decoding=\"async\" class=\"img-with-animation skip-lazy\" data-delay=\"0\" height=\"1696\" width=\"2560\" data-animation=\"none\" src=\"https:\/\/geosoud.fr\/wp-content\/uploads\/2025\/02\/ABM_30.jpg\" alt=\"\" srcset=\"https:\/\/geosoud.fr\/wp-content\/uploads\/2025\/02\/ABM_30.jpg 2560w, https:\/\/geosoud.fr\/wp-content\/uploads\/2025\/02\/ABM_30-300x199.jpg 300w, https:\/\/geosoud.fr\/wp-content\/uploads\/2025\/02\/ABM_30-1024x678.jpg 1024w, https:\/\/geosoud.fr\/wp-content\/uploads\/2025\/02\/ABM_30-768x509.jpg 768w, https:\/\/geosoud.fr\/wp-content\/uploads\/2025\/02\/ABM_30-1536x1018.jpg 1536w, https:\/\/geosoud.fr\/wp-content\/uploads\/2025\/02\/ABM_30-2048x1357.jpg 2048w\" sizes=\"auto, (max-width: 2560px) 100vw, 2560px\" \/>\n          <\/div>\n        <\/div>\n      <\/div>\n    <\/div>\n<div class=\"wpb_text_column wpb_content_element \" >\n\t<div class=\"wpb_wrapper\">\n\t\t<p><strong>ABM-30:<\/strong> Machine pour l\u2019usinage automatique de t\u00f4les d\u2019\u00e9paisseur 8 \u00e0 60mm. Largeur d\u2019usinage maxi 30mm.<\/p>\n\t<\/div>\n<\/div>\n\n\n\n<a class=\"nectar-button small regular accent-color  regular-button\"  role=\"button\" style=\"\" target=\"_blank\" href=\"https:\/\/geosoud.fr\/wp-content\/uploads\/2025\/02\/ABM-30_Chanfreineuse-Automatique-Sans-Rail_25.02.pdf\" data-color-override=\"false\" data-hover-color-override=\"false\" data-hover-text-color-override=\"#fff\"><span>Brochure<\/span><\/a><a class=\"nectar-button small regular accent-color  regular-button\"  role=\"button\" style=\"margin-left: 10px;\"  href=\"https:\/\/www.youtube.com\/watch?v=X0ryrl_za5E\" data-color-override=\"false\" data-hover-color-override=\"false\" data-hover-text-color-override=\"#fff\"><span>Video<\/span><\/a>\n\t\t<\/div> \n\t<\/div>\n\t<\/div> \n\n\t<div  class=\"vc_col-sm-4 wpb_column column_container vc_column_container col child_column padding-1-percent inherit_tablet inherit_phone \"   data-shadow=\"small_depth\" data-border-radius=\"5px\" data-border-animation=\"\" data-border-animation-delay=\"\" data-border-width=\"1px\" data-border-style=\"solid\" data-border-color=\"#cccccc\" data-padding-pos=\"all\" data-has-bg-color=\"false\" data-bg-color=\"\" data-bg-opacity=\"1\" data-animation=\"\" data-delay=\"0\" >\n\t\t<div class=\"vc_column-inner\" style=\"border: 1px solid #cccccc;\"><div class=\"column-bg-overlay-wrap column-bg-layer\" data-bg-animation=\"none\"><div class=\"column-bg-overlay\"><\/div><\/div>\n\t\t<div class=\"wpb_wrapper\">\n\t\t\t<div class=\"img-with-aniamtion-wrap  custom-size\" data-max-width=\"100%\" data-max-width-mobile=\"default\" data-border-radius=\"3px\" data-shadow=\"none\" data-animation=\"none\" >\n      <div class=\"inner\">\n        <div class=\"hover-wrap\"> \n          <div class=\"hover-wrap-inner\">\n            <img loading=\"lazy\" decoding=\"async\" class=\"img-with-animation skip-lazy\" data-delay=\"0\" height=\"1696\" width=\"2560\" data-animation=\"none\" src=\"https:\/\/geosoud.fr\/wp-content\/uploads\/2025\/02\/ABM_14.jpg\" alt=\"\" srcset=\"https:\/\/geosoud.fr\/wp-content\/uploads\/2025\/02\/ABM_14.jpg 2560w, https:\/\/geosoud.fr\/wp-content\/uploads\/2025\/02\/ABM_14-300x199.jpg 300w, https:\/\/geosoud.fr\/wp-content\/uploads\/2025\/02\/ABM_14-1024x678.jpg 1024w, https:\/\/geosoud.fr\/wp-content\/uploads\/2025\/02\/ABM_14-768x509.jpg 768w, https:\/\/geosoud.fr\/wp-content\/uploads\/2025\/02\/ABM_14-1536x1018.jpg 1536w, https:\/\/geosoud.fr\/wp-content\/uploads\/2025\/02\/ABM_14-2048x1357.jpg 2048w\" sizes=\"auto, (max-width: 2560px) 100vw, 2560px\" \/>\n          <\/div>\n        <\/div>\n      <\/div>\n    <\/div>\n<div class=\"wpb_text_column wpb_content_element \" >\n\t<div class=\"wpb_wrapper\">\n\t\t<p><strong>ABM-14:<\/strong> Machine transportable pour l\u2019usinage automatique de pi\u00e8ces d\u2019\u00e9paisseur 6 \u00e0 40mm. Largeur de coupe maxi 15mm.<\/p>\n\t<\/div>\n<\/div>\n\n\n\n<a class=\"nectar-button small regular accent-color  regular-button\"  role=\"button\" style=\"\" target=\"_blank\" href=\"https:\/\/geosoud.fr\/wp-content\/uploads\/2025\/02\/ABM-14_Chanfreineuse-pour-Toles-et-Tubes_21.11.pdf\" data-color-override=\"false\" data-hover-color-override=\"false\" data-hover-text-color-override=\"#fff\"><span>Brochure<\/span><\/a><a class=\"nectar-button small regular accent-color  regular-button\"  role=\"button\" style=\"margin-left: 10px;\"  href=\"https:\/\/www.youtube.com\/watch?v=YlQIONcrPGc\" data-color-override=\"false\" data-hover-color-override=\"false\" data-hover-text-color-override=\"#fff\"><span>Video<\/span><\/a>\n\t\t<\/div> \n\t<\/div>\n\t<\/div> \n\n\t<div  class=\"vc_col-sm-4 wpb_column column_container vc_column_container col child_column padding-1-percent inherit_tablet inherit_phone \"   data-shadow=\"small_depth\" data-border-radius=\"5px\" data-border-animation=\"\" data-border-animation-delay=\"\" data-border-width=\"1px\" data-border-style=\"solid\" data-border-color=\"#cccccc\" data-padding-pos=\"all\" data-has-bg-color=\"false\" data-bg-color=\"\" data-bg-opacity=\"1\" data-animation=\"\" data-delay=\"0\" >\n\t\t<div class=\"vc_column-inner\" style=\"border: 1px solid #cccccc;\"><div class=\"column-bg-overlay-wrap column-bg-layer\" data-bg-animation=\"none\"><div class=\"column-bg-overlay\"><\/div><\/div>\n\t\t<div class=\"wpb_wrapper\">\n\t\t\t<div class=\"img-with-aniamtion-wrap  custom-size\" data-max-width=\"100%\" data-max-width-mobile=\"default\" data-border-radius=\"3px\" data-shadow=\"none\" data-animation=\"none\" >\n      <div class=\"inner\">\n        <div class=\"hover-wrap\"> \n          <div class=\"hover-wrap-inner\">\n            <img loading=\"lazy\" decoding=\"async\" class=\"img-with-animation skip-lazy\" data-delay=\"0\" height=\"847\" width=\"1280\" data-animation=\"none\" src=\"https:\/\/geosoud.fr\/wp-content\/uploads\/2025\/02\/ABM-29_PROMOTECH-3_lq.jpg\" alt=\"\" srcset=\"https:\/\/geosoud.fr\/wp-content\/uploads\/2025\/02\/ABM-29_PROMOTECH-3_lq.jpg 1280w, https:\/\/geosoud.fr\/wp-content\/uploads\/2025\/02\/ABM-29_PROMOTECH-3_lq-300x199.jpg 300w, https:\/\/geosoud.fr\/wp-content\/uploads\/2025\/02\/ABM-29_PROMOTECH-3_lq-1024x678.jpg 1024w, https:\/\/geosoud.fr\/wp-content\/uploads\/2025\/02\/ABM-29_PROMOTECH-3_lq-768x508.jpg 768w\" sizes=\"auto, (max-width: 1280px) 100vw, 1280px\" \/>\n          <\/div>\n        <\/div>\n      <\/div>\n    <\/div>\n<div class=\"wpb_text_column wpb_content_element \" >\n\t<div class=\"wpb_wrapper\">\n\t\t<p><strong>ABM-29:<\/strong> Machine transportable pour l\u2019usinage automatique de pi\u00e8ces d\u2019\u00e9paisseur 10 \u00e0 40mm. Largeur de coupe maxi 29mm.<\/p>\n\t<\/div>\n<\/div>\n\n\n\n<a class=\"nectar-button small regular accent-color  regular-button\"  role=\"button\" style=\"\" target=\"_blank\" href=\"https:\/\/geosoud.fr\/wp-content\/uploads\/2025\/02\/ABM-29_Chanfreineuse-Automatique-Mobile-Double-Face_24.09.pdf\" data-color-override=\"false\" data-hover-color-override=\"false\" data-hover-text-color-override=\"#fff\"><span>Brochure<\/span><\/a><a class=\"nectar-button small regular accent-color  regular-button\"  role=\"button\" style=\"margin-left: 10px;\"  href=\"https:\/\/www.youtube.com\/watch?v=cIxoElsID60\" data-color-override=\"false\" data-hover-color-override=\"false\" data-hover-text-color-override=\"#fff\"><span>Video<\/span><\/a>\n\t\t<\/div> \n\t<\/div>\n\t<\/div> \n<\/div><\/div><div id=\"fws_69fc887ce850e\" data-midnight=\"\" data-column-margin=\"default\" class=\"wpb_row vc_row-fluid vc_row inner_row vc_row-o-equal-height vc_row-flex\"  style=\"padding-top: 1%; padding-bottom: 1%; \"><div class=\"row-bg-wrap\"> <div class=\"row-bg\" ><\/div> <\/div><div class=\"row_col_wrap_12_inner col span_12  left\">\n\t<div  class=\"vc_col-sm-4 wpb_column column_container vc_column_container col child_column padding-1-percent inherit_tablet inherit_phone \"   data-shadow=\"small_depth\" data-border-radius=\"5px\" data-border-animation=\"\" data-border-animation-delay=\"\" data-border-width=\"1px\" data-border-style=\"solid\" data-border-color=\"#cccccc\" data-padding-pos=\"all\" data-has-bg-color=\"false\" data-bg-color=\"\" data-bg-opacity=\"1\" data-animation=\"\" data-delay=\"0\" >\n\t\t<div class=\"vc_column-inner\" style=\"border: 1px solid #cccccc;\"><div class=\"column-bg-overlay-wrap column-bg-layer\" data-bg-animation=\"none\"><div class=\"column-bg-overlay\"><\/div><\/div>\n\t\t<div class=\"wpb_wrapper\">\n\t\t\t<div class=\"img-with-aniamtion-wrap  custom-size\" data-max-width=\"100%\" data-max-width-mobile=\"default\" data-border-radius=\"3px\" data-shadow=\"none\" data-animation=\"none\" >\n      <div class=\"inner\">\n        <div class=\"hover-wrap\"> \n          <div class=\"hover-wrap-inner\">\n            <img loading=\"lazy\" decoding=\"async\" class=\"img-with-animation skip-lazy\" data-delay=\"0\" height=\"847\" width=\"1280\" data-animation=\"none\" src=\"https:\/\/geosoud.fr\/wp-content\/uploads\/2025\/02\/SBM-500-7.jpg\" alt=\"\" srcset=\"https:\/\/geosoud.fr\/wp-content\/uploads\/2025\/02\/SBM-500-7.jpg 1280w, https:\/\/geosoud.fr\/wp-content\/uploads\/2025\/02\/SBM-500-7-300x199.jpg 300w, https:\/\/geosoud.fr\/wp-content\/uploads\/2025\/02\/SBM-500-7-1024x678.jpg 1024w, https:\/\/geosoud.fr\/wp-content\/uploads\/2025\/02\/SBM-500-7-768x508.jpg 768w\" sizes=\"auto, (max-width: 1280px) 100vw, 1280px\" \/>\n          <\/div>\n        <\/div>\n      <\/div>\n    <\/div>\n<div class=\"wpb_text_column wpb_content_element \" >\n\t<div class=\"wpb_wrapper\">\n\t\t<p><strong>SBM-500:<\/strong>\u00a0Machine fixe avec table \u00e0 billes pour l\u2019usinage rapide de vos chanfreins de 15 \u00e0 60\u00b0 et de largeur 30mm maximum. L\u2019avance automatique de la pi\u00e8ce et la vitesse d\u2019usinage sont r\u00e9glables en continu pour un r\u00e9sultat optimal.<\/p>\n\t<\/div>\n<\/div>\n\n\n\n<a class=\"nectar-button small regular accent-color  regular-button\"  role=\"button\" style=\"\" target=\"_blank\" href=\"https:\/\/geosoud.fr\/wp-content\/uploads\/2025\/02\/SBM-500_Chanfreineuse-Stationnaire_24.04.pdf\" data-color-override=\"false\" data-hover-color-override=\"false\" data-hover-text-color-override=\"#fff\"><span>Brochure<\/span><\/a><a class=\"nectar-button small regular accent-color  regular-button\"  role=\"button\" style=\"margin-left: 10px;\"  href=\"https:\/\/www.youtube.com\/watch?v=_igNfJoM8ps\" data-color-override=\"false\" data-hover-color-override=\"false\" data-hover-text-color-override=\"#fff\"><span>Video<\/span><\/a>\n\t\t<\/div> \n\t<\/div>\n\t<\/div> \n\n\t<div  class=\"vc_col-sm-4 wpb_column column_container vc_column_container col child_column padding-1-percent inherit_tablet inherit_phone \"   data-shadow=\"small_depth\" data-border-radius=\"5px\" data-border-animation=\"\" data-border-animation-delay=\"\" data-border-width=\"1px\" data-border-style=\"solid\" data-border-color=\"#cccccc\" data-padding-pos=\"all\" data-has-bg-color=\"false\" data-bg-color=\"\" data-bg-opacity=\"1\" data-animation=\"\" data-delay=\"0\" >\n\t\t<div class=\"vc_column-inner\" style=\"border: 1px solid #cccccc;\"><div class=\"column-bg-overlay-wrap column-bg-layer\" data-bg-animation=\"none\"><div class=\"column-bg-overlay\"><\/div><\/div>\n\t\t<div class=\"wpb_wrapper\">\n\t\t\t<div class=\"img-with-aniamtion-wrap  custom-size\" data-max-width=\"100%\" data-max-width-mobile=\"default\" data-border-radius=\"3px\" data-shadow=\"none\" data-animation=\"none\" >\n      <div class=\"inner\">\n        <div class=\"hover-wrap\"> \n          <div class=\"hover-wrap-inner\">\n            <img loading=\"lazy\" decoding=\"async\" class=\"img-with-animation skip-lazy\" data-delay=\"0\" height=\"958\" width=\"1280\" data-animation=\"none\" src=\"https:\/\/geosoud.fr\/wp-content\/uploads\/2025\/02\/IMG-20210517-WA0002-1.jpg\" alt=\"\" srcset=\"https:\/\/geosoud.fr\/wp-content\/uploads\/2025\/02\/IMG-20210517-WA0002-1.jpg 1280w, https:\/\/geosoud.fr\/wp-content\/uploads\/2025\/02\/IMG-20210517-WA0002-1-300x225.jpg 300w, https:\/\/geosoud.fr\/wp-content\/uploads\/2025\/02\/IMG-20210517-WA0002-1-1024x766.jpg 1024w, https:\/\/geosoud.fr\/wp-content\/uploads\/2025\/02\/IMG-20210517-WA0002-1-768x575.jpg 768w\" sizes=\"auto, (max-width: 1280px) 100vw, 1280px\" \/>\n          <\/div>\n        <\/div>\n      <\/div>\n    <\/div>\n<div class=\"wpb_text_column wpb_content_element \" >\n\t<div class=\"wpb_wrapper\">\n\t\t<p><strong>ABM-50:<\/strong>\u00a0Chanfreineuse automatique tr\u00e8s performante, utilisable dans les 2 sens. Largeur d\u2019usinage maxi : 50mm avec un angle de coupe r\u00e9glable de -60\u00b0 \u00e0 -15\u00b0 et de +15\u00b0 \u00e0 +60\u00b0. L\u2019\u00e9cran couleur affiche tous les param\u00e8tres du chanfrein.<\/p>\n\t<\/div>\n<\/div>\n\n\n\n<a class=\"nectar-button small regular accent-color  regular-button\"  role=\"button\" style=\"\" target=\"_blank\" href=\"https:\/\/geosoud.fr\/wp-content\/uploads\/2025\/02\/ABM-50_Chanfreineuse-Automatique-Double-Face_22.07.pdf\" data-color-override=\"false\" data-hover-color-override=\"false\" data-hover-text-color-override=\"#fff\"><span>Brochure<\/span><\/a><a class=\"nectar-button small regular accent-color  regular-button\"  role=\"button\" style=\"margin-left: 10px;\"  href=\"https:\/\/www.youtube.com\/watch?v=ygW8JSPjskg\" data-color-override=\"false\" data-hover-color-override=\"false\" data-hover-text-color-override=\"#fff\"><span>Video<\/span><\/a>\n\t\t<\/div> \n\t<\/div>\n\t<\/div> \n\n\t<div  class=\"vc_col-sm-4 wpb_column column_container vc_column_container col child_column no-extra-padding inherit_tablet inherit_phone \"   data-padding-pos=\"all\" data-has-bg-color=\"false\" data-bg-color=\"\" data-bg-opacity=\"1\" data-animation=\"\" data-delay=\"0\" >\n\t\t<div class=\"vc_column-inner\" >\n\t\t<div class=\"wpb_wrapper\">\n\t\t\t\n\t\t<\/div> \n\t<\/div>\n\t<\/div> \n<\/div><\/div>\n\t\t\t<\/div> \n\t\t<\/div>\n\t<\/div> \n<\/div><\/div>\n","protected":false},"excerpt":{"rendered":"Chanfreineuses automatiques Cette partie de la gamme de chanfreineuses est destin\u00e9e \u00e0 usiner les t\u00f4les droites ou courb\u00e9es, mais \u00e9galement les tubes, avec ou sans accessoires en option. L\u2019avance se...","protected":false},"author":1,"featured_media":0,"parent":0,"menu_order":0,"comment_status":"closed","ping_status":"closed","template":"","meta":{"footnotes":""},"class_list":["post-76","page","type-page","status-publish"],"_links":{"self":[{"href":"https:\/\/geosoud.fr\/index.php\/wp-json\/wp\/v2\/pages\/76","targetHints":{"allow":["GET"]}}],"collection":[{"href":"https:\/\/geosoud.fr\/index.php\/wp-json\/wp\/v2\/pages"}],"about":[{"href":"https:\/\/geosoud.fr\/index.php\/wp-json\/wp\/v2\/types\/page"}],"author":[{"embeddable":true,"href":"https:\/\/geosoud.fr\/index.php\/wp-json\/wp\/v2\/users\/1"}],"replies":[{"embeddable":true,"href":"https:\/\/geosoud.fr\/index.php\/wp-json\/wp\/v2\/comments?post=76"}],"version-history":[{"count":7,"href":"https:\/\/geosoud.fr\/index.php\/wp-json\/wp\/v2\/pages\/76\/revisions"}],"predecessor-version":[{"id":327,"href":"https:\/\/geosoud.fr\/index.php\/wp-json\/wp\/v2\/pages\/76\/revisions\/327"}],"wp:attachment":[{"href":"https:\/\/geosoud.fr\/index.php\/wp-json\/wp\/v2\/media?parent=76"}],"curies":[{"name":"wp","href":"https:\/\/api.w.org\/{rel}","templated":true}]}}