{"id":69,"date":"2025-02-04T21:05:02","date_gmt":"2025-02-04T21:05:02","guid":{"rendered":"https:\/\/geosoud.fr\/?page_id=69"},"modified":"2025-04-02T07:14:14","modified_gmt":"2025-04-02T07:14:14","slug":"chanfreineuses-pour-tubes","status":"publish","type":"page","link":"https:\/\/geosoud.fr\/index.php\/chanfreineuses-pour-tubes\/","title":{"rendered":"Chanfreineuses Pour Tubes"},"content":{"rendered":"\n\t\t<div id=\"fws_69fc98830f0c0\"  data-column-margin=\"default\" data-midnight=\"dark\" data-top-percent=\"2%\" data-bottom-percent=\"2%\"  class=\"wpb_row vc_row-fluid vc_row\"  style=\"padding-top: calc(100vw * 0.02); padding-bottom: calc(100vw * 0.02); \"><div class=\"row-bg-wrap\" data-bg-animation=\"none\" data-bg-animation-delay=\"\" data-bg-overlay=\"false\"><div class=\"inner-wrap row-bg-layer\" ><div class=\"row-bg viewport-desktop\"  style=\"\"><\/div><\/div><\/div><div class=\"row_col_wrap_12 col span_12 dark left\">\n\t<div  class=\"vc_col-sm-12 wpb_column column_container vc_column_container col no-extra-padding inherit_tablet inherit_phone \"  data-padding-pos=\"all\" data-has-bg-color=\"false\" data-bg-color=\"\" data-bg-opacity=\"1\" data-animation=\"\" data-delay=\"0\" >\n\t\t<div class=\"vc_column-inner\" >\n\t\t\t<div class=\"wpb_wrapper\">\n\t\t\t\t<h2 style=\"text-align: left\" class=\"vc_custom_heading vc_do_custom_heading\" >Chanfreineuses Pour Tubes<\/h2><div id=\"fws_69fc9883105c2\" data-midnight=\"\" data-column-margin=\"default\" class=\"wpb_row vc_row-fluid vc_row inner_row\"  style=\"\"><div class=\"row-bg-wrap\"> <div class=\"row-bg\" ><\/div> <\/div><div class=\"row_col_wrap_12_inner col span_12  left\">\n\t<div  class=\"vc_col-sm-12 wpb_column column_container vc_column_container col child_column no-extra-padding inherit_tablet inherit_phone \"   data-padding-pos=\"all\" data-has-bg-color=\"false\" data-bg-color=\"\" data-bg-opacity=\"1\" data-animation=\"\" data-delay=\"0\" >\n\t\t<div class=\"vc_column-inner\" >\n\t\t<div class=\"wpb_wrapper\">\n\t\t\t\n<div class=\"wpb_text_column wpb_content_element \" >\n\t<div class=\"wpb_wrapper\">\n\t\t<p>Ces machines permettent le dressage, le d\u00e9lardage et le chanfreinage de tubes de petit diam\u00e8tre jusqu\u2019au pipe de diam\u00e8tre 1000mm sans imposer de cycle thermique \u00e0 vos pi\u00e8ces avant soudure. \u00a0\u00a0\u00a0D\u2019autres chanfreineuses sont disponibles (voir mes autres pages).<\/p>\n\t<\/div>\n<\/div>\n\n\n\n\n\t\t<\/div> \n\t<\/div>\n\t<\/div> \n<\/div><\/div>\n\t\t\t<\/div> \n\t\t<\/div>\n\t<\/div> \n<\/div><\/div>\n\t\t<div id=\"fws_69fc988311a3c\"  data-column-margin=\"default\" data-midnight=\"dark\"  class=\"wpb_row vc_row-fluid vc_row\"  style=\"padding-top: 0px; padding-bottom: 0px; \"><div class=\"row-bg-wrap\" data-bg-animation=\"none\" data-bg-animation-delay=\"\" data-bg-overlay=\"false\"><div class=\"inner-wrap row-bg-layer\" ><div class=\"row-bg viewport-desktop\"  style=\"\"><\/div><\/div><\/div><div class=\"row_col_wrap_12 col span_12 dark left\">\n\t<div  class=\"vc_col-sm-12 wpb_column column_container vc_column_container col no-extra-padding inherit_tablet inherit_phone \"  data-padding-pos=\"all\" data-has-bg-color=\"false\" data-bg-color=\"\" data-bg-opacity=\"1\" data-animation=\"\" data-delay=\"0\" >\n\t\t<div class=\"vc_column-inner\" >\n\t\t\t<div class=\"wpb_wrapper\">\n\t\t\t\t<div id=\"fws_69fc9883121cb\" data-midnight=\"\" data-column-margin=\"default\" class=\"wpb_row vc_row-fluid vc_row inner_row vc_row-o-equal-height vc_row-flex\"  style=\"padding-top: 1%; padding-bottom: 1%; \"><div class=\"row-bg-wrap\"> <div class=\"row-bg\" ><\/div> <\/div><div class=\"row_col_wrap_12_inner col span_12  left\">\n\t<div  class=\"vc_col-sm-4 wpb_column column_container vc_column_container col child_column padding-1-percent inherit_tablet inherit_phone \"   data-shadow=\"small_depth\" data-border-radius=\"5px\" data-border-animation=\"\" data-border-animation-delay=\"\" data-border-width=\"1px\" data-border-style=\"solid\" data-border-color=\"#cccccc\" data-padding-pos=\"all\" data-has-bg-color=\"false\" data-bg-color=\"\" data-bg-opacity=\"1\" data-animation=\"\" data-delay=\"0\" >\n\t\t<div class=\"vc_column-inner\" style=\"border: 1px solid #cccccc;\"><div class=\"column-bg-overlay-wrap column-bg-layer\" data-bg-animation=\"none\"><div class=\"column-bg-overlay\"><\/div><\/div>\n\t\t<div class=\"wpb_wrapper\">\n\t\t\t<div class=\"img-with-aniamtion-wrap  custom-size\" data-max-width=\"100%\" data-max-width-mobile=\"default\" data-border-radius=\"3px\" data-shadow=\"none\" data-animation=\"none\" >\n      <div class=\"inner\">\n        <div class=\"hover-wrap\"> \n          <div class=\"hover-wrap-inner\">\n            <img loading=\"lazy\" decoding=\"async\" class=\"img-with-animation skip-lazy\" data-delay=\"0\" height=\"530\" width=\"800\" data-animation=\"none\" src=\"https:\/\/geosoud.fr\/wp-content\/uploads\/2025\/02\/PRO-40-PBS-Bevelling-Large-Pipes-wide.jpg\" alt=\"\" srcset=\"https:\/\/geosoud.fr\/wp-content\/uploads\/2025\/02\/PRO-40-PBS-Bevelling-Large-Pipes-wide.jpg 800w, https:\/\/geosoud.fr\/wp-content\/uploads\/2025\/02\/PRO-40-PBS-Bevelling-Large-Pipes-wide-300x199.jpg 300w, https:\/\/geosoud.fr\/wp-content\/uploads\/2025\/02\/PRO-40-PBS-Bevelling-Large-Pipes-wide-768x509.jpg 768w\" sizes=\"auto, (max-width: 800px) 100vw, 800px\" \/>\n          <\/div>\n        <\/div>\n      <\/div>\n    <\/div>\n<div class=\"wpb_text_column wpb_content_element \" >\n\t<div class=\"wpb_wrapper\">\n\t\t<p><strong>PRO-40PBS:<\/strong>\u00a0Machine fixe \u00e0 t\u00eate de coupe industrielle. Pour tubes de diam\u00e8tre externe de 200 \u00e0 1000mm. Possibilit\u00e9 de faire des chanfreins en J (tulipe).Outillage optionnel pour les tubes en acier inoxydable.<\/p>\n\t<\/div>\n<\/div>\n\n\n\n<a class=\"nectar-button small regular accent-color  regular-button\"  role=\"button\" style=\"\" target=\"_blank\" href=\"https:\/\/geosoud.fr\/wp-content\/uploads\/2025\/02\/PRO-40-PBS_Chanfreineuse-Pour-Tubes_24.03.pdf\" data-color-override=\"false\" data-hover-color-override=\"false\" data-hover-text-color-override=\"#fff\"><span>Brochure<\/span><\/a><a class=\"nectar-button small regular accent-color  regular-button\"  role=\"button\" style=\"margin-left: 10px;\"  href=\"https:\/\/www.youtube.com\/watch?v=C2KmjMJcxy8\" data-color-override=\"false\" data-hover-color-override=\"false\" data-hover-text-color-override=\"#fff\"><span>Video<\/span><\/a>\n\t\t<\/div> \n\t<\/div>\n\t<\/div> \n\n\t<div  class=\"vc_col-sm-4 wpb_column column_container vc_column_container col child_column padding-1-percent inherit_tablet inherit_phone \"   data-shadow=\"small_depth\" data-border-radius=\"5px\" data-border-animation=\"\" data-border-animation-delay=\"\" data-border-width=\"1px\" data-border-style=\"solid\" data-border-color=\"#cccccc\" data-padding-pos=\"all\" data-has-bg-color=\"false\" data-bg-color=\"\" data-bg-opacity=\"1\" data-animation=\"\" data-delay=\"0\" >\n\t\t<div class=\"vc_column-inner\" style=\"border: 1px solid #cccccc;\"><div class=\"column-bg-overlay-wrap column-bg-layer\" data-bg-animation=\"none\"><div class=\"column-bg-overlay\"><\/div><\/div>\n\t\t<div class=\"wpb_wrapper\">\n\t\t\t<div class=\"img-with-aniamtion-wrap  custom-size\" data-max-width=\"100%\" data-max-width-mobile=\"default\" data-border-radius=\"3px\" data-shadow=\"none\" data-animation=\"none\" >\n      <div class=\"inner\">\n        <div class=\"hover-wrap\"> \n          <div class=\"hover-wrap-inner\">\n            <img loading=\"lazy\" decoding=\"async\" class=\"img-with-animation skip-lazy\" data-delay=\"0\" height=\"1696\" width=\"2560\" data-animation=\"none\" src=\"https:\/\/geosoud.fr\/wp-content\/uploads\/2025\/02\/PRO-2-PB-4-scaled.jpg\" alt=\"\" srcset=\"https:\/\/geosoud.fr\/wp-content\/uploads\/2025\/02\/PRO-2-PB-4-scaled.jpg 2560w, https:\/\/geosoud.fr\/wp-content\/uploads\/2025\/02\/PRO-2-PB-4-300x199.jpg 300w, https:\/\/geosoud.fr\/wp-content\/uploads\/2025\/02\/PRO-2-PB-4-1024x678.jpg 1024w, https:\/\/geosoud.fr\/wp-content\/uploads\/2025\/02\/PRO-2-PB-4-768x509.jpg 768w, https:\/\/geosoud.fr\/wp-content\/uploads\/2025\/02\/PRO-2-PB-4-1536x1017.jpg 1536w, https:\/\/geosoud.fr\/wp-content\/uploads\/2025\/02\/PRO-2-PB-4-2048x1356.jpg 2048w\" sizes=\"auto, (max-width: 2560px) 100vw, 2560px\" \/>\n          <\/div>\n        <\/div>\n      <\/div>\n    <\/div>\n<div class=\"wpb_text_column wpb_content_element \" >\n\t<div class=\"wpb_wrapper\">\n\t\t<p><strong>PRO-2PB\u00a0:<\/strong> Machine l\u00e9g\u00e8re pour le chanfreinage de petits tubes jusqu\u2019\u00e0 55mm diam\u00e8tre int\u00e9rieur. Choix du moteur\u00a0: \u00e9lectrique ou pneumatique. Pratique dans des espaces r\u00e9duits.<\/p>\n\t<\/div>\n<\/div>\n\n\n\n<a class=\"nectar-button small regular accent-color  regular-button\"  role=\"button\" style=\"\" target=\"_blank\" href=\"https:\/\/geosoud.fr\/wp-content\/uploads\/2025\/02\/PRO-2-PB_Chanfreineuse-de-Tubes-Compact_23.10.pdf\" data-color-override=\"false\" data-hover-color-override=\"false\" data-hover-text-color-override=\"#fff\"><span>Brochure<\/span><\/a><a class=\"nectar-button small regular accent-color  regular-button\"  role=\"button\" style=\"margin-left: 10px;\"  href=\"https:\/\/www.youtube.com\/watch?v=cLjLLi0WMbs\" data-color-override=\"false\" data-hover-color-override=\"false\" data-hover-text-color-override=\"#fff\"><span>Video<\/span><\/a>\n\t\t<\/div> \n\t<\/div>\n\t<\/div> \n\n\t<div  class=\"vc_col-sm-4 wpb_column column_container vc_column_container col child_column padding-1-percent inherit_tablet inherit_phone \"   data-shadow=\"small_depth\" data-border-radius=\"5px\" data-border-animation=\"\" data-border-animation-delay=\"\" data-border-width=\"1px\" data-border-style=\"solid\" data-border-color=\"#cccccc\" data-padding-pos=\"all\" data-has-bg-color=\"false\" data-bg-color=\"\" data-bg-opacity=\"1\" data-animation=\"\" data-delay=\"0\" >\n\t\t<div class=\"vc_column-inner\" style=\"border: 1px solid #cccccc;\"><div class=\"column-bg-overlay-wrap column-bg-layer\" data-bg-animation=\"none\"><div class=\"column-bg-overlay\"><\/div><\/div>\n\t\t<div class=\"wpb_wrapper\">\n\t\t\t<div class=\"img-with-aniamtion-wrap  custom-size\" data-max-width=\"100%\" data-max-width-mobile=\"default\" data-border-radius=\"3px\" data-shadow=\"none\" data-animation=\"none\" >\n      <div class=\"inner\">\n        <div class=\"hover-wrap\"> \n          <div class=\"hover-wrap-inner\">\n            <img loading=\"lazy\" decoding=\"async\" class=\"img-with-animation skip-lazy\" data-delay=\"0\" height=\"1696\" width=\"2560\" data-animation=\"none\" src=\"https:\/\/geosoud.fr\/wp-content\/uploads\/2025\/02\/DSC_4653-OK-scaled.jpg\" alt=\"\" srcset=\"https:\/\/geosoud.fr\/wp-content\/uploads\/2025\/02\/DSC_4653-OK-scaled.jpg 2560w, https:\/\/geosoud.fr\/wp-content\/uploads\/2025\/02\/DSC_4653-OK-300x199.jpg 300w, https:\/\/geosoud.fr\/wp-content\/uploads\/2025\/02\/DSC_4653-OK-1024x678.jpg 1024w, https:\/\/geosoud.fr\/wp-content\/uploads\/2025\/02\/DSC_4653-OK-768x509.jpg 768w, https:\/\/geosoud.fr\/wp-content\/uploads\/2025\/02\/DSC_4653-OK-1536x1017.jpg 1536w, https:\/\/geosoud.fr\/wp-content\/uploads\/2025\/02\/DSC_4653-OK-2048x1356.jpg 2048w\" sizes=\"auto, (max-width: 2560px) 100vw, 2560px\" \/>\n          <\/div>\n        <\/div>\n      <\/div>\n    <\/div>\n<div class=\"wpb_text_column wpb_content_element \" >\n\t<div class=\"wpb_wrapper\">\n\t\t<p><strong>PRO-5PB\u00a0:<\/strong>\u00a0Machine portable avec mandrin auto-centrant pour la pr\u00e9paration de vos tubes de diam\u00e8tre de 133mm maximum. Choix du moteur\u00a0: pneumatique, \u00e9lectrique ou \u00e0 batterie.<\/p>\n\t<\/div>\n<\/div>\n\n\n\n<a class=\"nectar-button small regular accent-color  regular-button\"  role=\"button\" style=\"\" target=\"_blank\" href=\"https:\/\/geosoud.fr\/wp-content\/uploads\/2025\/02\/PRO-5-PB_Chanfreineuse-Pour-Tubes_24.04.pdf\" data-color-override=\"false\" data-hover-color-override=\"false\" data-hover-text-color-override=\"#fff\"><span>Brochure<\/span><\/a><a class=\"nectar-button small regular accent-color  regular-button\"  role=\"button\" style=\"margin-left: 10px;\"  href=\"https:\/\/www.youtube.com\/watch?v=8XOT2t3yTAI\" data-color-override=\"false\" data-hover-color-override=\"false\" data-hover-text-color-override=\"#fff\"><span>Video<\/span><\/a>\n\t\t<\/div> \n\t<\/div>\n\t<\/div> \n<\/div><\/div><div id=\"fws_69fc9883158f0\" data-midnight=\"\" data-column-margin=\"default\" class=\"wpb_row vc_row-fluid vc_row inner_row vc_row-o-equal-height vc_row-flex\"  style=\"padding-top: 1%; padding-bottom: 1%; \"><div class=\"row-bg-wrap\"> <div class=\"row-bg\" ><\/div> <\/div><div class=\"row_col_wrap_12_inner col span_12  left\">\n\t<div  class=\"vc_col-sm-4 wpb_column column_container vc_column_container col child_column padding-1-percent inherit_tablet inherit_phone \"   data-shadow=\"small_depth\" data-border-radius=\"5px\" data-border-animation=\"\" data-border-animation-delay=\"\" data-border-width=\"1px\" data-border-style=\"solid\" data-border-color=\"#cccccc\" data-padding-pos=\"all\" data-has-bg-color=\"false\" data-bg-color=\"\" data-bg-opacity=\"1\" data-animation=\"\" data-delay=\"0\" >\n\t\t<div class=\"vc_column-inner\" style=\"border: 1px solid #cccccc;\"><div class=\"column-bg-overlay-wrap column-bg-layer\" data-bg-animation=\"none\"><div class=\"column-bg-overlay\"><\/div><\/div>\n\t\t<div class=\"wpb_wrapper\">\n\t\t\t<div class=\"img-with-aniamtion-wrap  custom-size\" data-max-width=\"100%\" data-max-width-mobile=\"default\" data-border-radius=\"3px\" data-shadow=\"none\" data-animation=\"none\" >\n      <div class=\"inner\">\n        <div class=\"hover-wrap\"> \n          <div class=\"hover-wrap-inner\">\n            <img loading=\"lazy\" decoding=\"async\" class=\"img-with-animation skip-lazy\" data-delay=\"0\" height=\"530\" width=\"800\" data-animation=\"none\" src=\"https:\/\/geosoud.fr\/wp-content\/uploads\/2025\/02\/PRO-10-PB-photo-2.jpg\" alt=\"\" srcset=\"https:\/\/geosoud.fr\/wp-content\/uploads\/2025\/02\/PRO-10-PB-photo-2.jpg 800w, https:\/\/geosoud.fr\/wp-content\/uploads\/2025\/02\/PRO-10-PB-photo-2-300x199.jpg 300w, https:\/\/geosoud.fr\/wp-content\/uploads\/2025\/02\/PRO-10-PB-photo-2-768x509.jpg 768w\" sizes=\"auto, (max-width: 800px) 100vw, 800px\" \/>\n          <\/div>\n        <\/div>\n      <\/div>\n    <\/div>\n<div class=\"wpb_text_column wpb_content_element \" >\n\t<div class=\"wpb_wrapper\">\n\t\t<p><strong>PRO-10PB\u00a0:<\/strong> Pour vos tubes de diam\u00e8tre 600mm et \u00e9paisseur 15mm maximums.\u00a0Equipement optionnel pour le dressage des surfaces des brides et pour l\u2019usinage des tubes ovalis\u00e9s.<\/p>\n\t<\/div>\n<\/div>\n\n\n\n<a class=\"nectar-button small regular accent-color  regular-button\"  role=\"button\" style=\"\" target=\"_blank\" href=\"https:\/\/geosoud.fr\/wp-content\/uploads\/2025\/02\/PRO-10-PB_Chanfreineuse-Pour-Tubes_25.01.pdf\" data-color-override=\"false\" data-hover-color-override=\"false\" data-hover-text-color-override=\"#fff\"><span>Brochure<\/span><\/a><a class=\"nectar-button small regular accent-color  regular-button\"  role=\"button\" style=\"margin-left: 10px;\"  href=\"https:\/\/www.youtube.com\/watch?v=2QYuSOjyZ7g\" data-color-override=\"false\" data-hover-color-override=\"false\" data-hover-text-color-override=\"#fff\"><span>Video<\/span><\/a>\n\t\t<\/div> \n\t<\/div>\n\t<\/div> \n\n\t<div  class=\"vc_col-sm-4 wpb_column column_container vc_column_container col child_column no-extra-padding inherit_tablet inherit_phone \"   data-padding-pos=\"all\" data-has-bg-color=\"false\" data-bg-color=\"\" data-bg-opacity=\"1\" data-animation=\"\" data-delay=\"0\" >\n\t\t<div class=\"vc_column-inner\" >\n\t\t<div class=\"wpb_wrapper\">\n\t\t\t\n\t\t<\/div> \n\t<\/div>\n\t<\/div> \n\n\t<div  class=\"vc_col-sm-4 wpb_column column_container vc_column_container col child_column no-extra-padding inherit_tablet inherit_phone \"   data-padding-pos=\"all\" data-has-bg-color=\"false\" data-bg-color=\"\" data-bg-opacity=\"1\" data-animation=\"\" data-delay=\"0\" >\n\t\t<div class=\"vc_column-inner\" >\n\t\t<div class=\"wpb_wrapper\">\n\t\t\t\n\t\t<\/div> \n\t<\/div>\n\t<\/div> \n<\/div><\/div>\n\t\t\t<\/div> \n\t\t<\/div>\n\t<\/div> \n<\/div><\/div>\n","protected":false},"excerpt":{"rendered":"Chanfreineuses Pour Tubes Ces machines permettent le dressage, le d\u00e9lardage et le chanfreinage de tubes de petit diam\u00e8tre jusqu\u2019au pipe de diam\u00e8tre 1000mm sans imposer de cycle thermique \u00e0 vos...","protected":false},"author":1,"featured_media":0,"parent":0,"menu_order":0,"comment_status":"closed","ping_status":"closed","template":"","meta":{"footnotes":""},"class_list":["post-69","page","type-page","status-publish"],"_links":{"self":[{"href":"https:\/\/geosoud.fr\/index.php\/wp-json\/wp\/v2\/pages\/69","targetHints":{"allow":["GET"]}}],"collection":[{"href":"https:\/\/geosoud.fr\/index.php\/wp-json\/wp\/v2\/pages"}],"about":[{"href":"https:\/\/geosoud.fr\/index.php\/wp-json\/wp\/v2\/types\/page"}],"author":[{"embeddable":true,"href":"https:\/\/geosoud.fr\/index.php\/wp-json\/wp\/v2\/users\/1"}],"replies":[{"embeddable":true,"href":"https:\/\/geosoud.fr\/index.php\/wp-json\/wp\/v2\/comments?post=69"}],"version-history":[{"count":6,"href":"https:\/\/geosoud.fr\/index.php\/wp-json\/wp\/v2\/pages\/69\/revisions"}],"predecessor-version":[{"id":405,"href":"https:\/\/geosoud.fr\/index.php\/wp-json\/wp\/v2\/pages\/69\/revisions\/405"}],"wp:attachment":[{"href":"https:\/\/geosoud.fr\/index.php\/wp-json\/wp\/v2\/media?parent=69"}],"curies":[{"name":"wp","href":"https:\/\/api.w.org\/{rel}","templated":true}]}}