{"id":310,"date":"2025-02-09T16:54:06","date_gmt":"2025-02-09T16:54:06","guid":{"rendered":"https:\/\/geosoud.fr\/?page_id=310"},"modified":"2025-04-02T07:28:29","modified_gmt":"2025-04-02T07:28:29","slug":"osc-8-oscillateur-pendulaire","status":"publish","type":"page","link":"https:\/\/geosoud.fr\/index.php\/osc-8-oscillateur-pendulaire\/","title":{"rendered":"OSC-8 | Oscillateur Pendulaire"},"content":{"rendered":"\n\t\t<div id=\"fws_69fc88ddcbe3f\"  data-column-margin=\"default\" data-midnight=\"dark\" data-top-percent=\"2%\" data-bottom-percent=\"2%\"  class=\"wpb_row vc_row-fluid vc_row\"  style=\"padding-top: calc(100vw * 0.02); padding-bottom: calc(100vw * 0.02); \"><div class=\"row-bg-wrap\" data-bg-animation=\"none\" data-bg-animation-delay=\"\" data-bg-overlay=\"false\"><div class=\"inner-wrap row-bg-layer\" ><div class=\"row-bg viewport-desktop\"  style=\"\"><\/div><\/div><\/div><div class=\"row_col_wrap_12 col span_12 dark left\">\n\t<div  class=\"vc_col-sm-12 wpb_column column_container vc_column_container col no-extra-padding inherit_tablet inherit_phone \"  data-padding-pos=\"all\" data-has-bg-color=\"false\" data-bg-color=\"\" data-bg-opacity=\"1\" data-animation=\"\" data-delay=\"0\" >\n\t\t<div class=\"vc_column-inner\" >\n\t\t\t<div class=\"wpb_wrapper\">\n\t\t\t\t<h2 style=\"text-align: left\" class=\"vc_custom_heading vc_do_custom_heading\" >OSC-8 | Oscillateur Pendulaire<\/h2><div id=\"fws_69fc88ddcd136\" data-midnight=\"\" data-column-margin=\"default\" class=\"wpb_row vc_row-fluid vc_row inner_row\"  style=\"\"><div class=\"row-bg-wrap\"> <div class=\"row-bg\" ><\/div> <\/div><div class=\"row_col_wrap_12_inner col span_12  left\">\n\t<div  class=\"vc_col-sm-12 wpb_column column_container vc_column_container col child_column no-extra-padding inherit_tablet inherit_phone \"   data-padding-pos=\"all\" data-has-bg-color=\"false\" data-bg-color=\"\" data-bg-opacity=\"1\" data-animation=\"\" data-delay=\"0\" >\n\t\t<div class=\"vc_column-inner\" >\n\t\t<div class=\"wpb_wrapper\">\n\t\t\t\n<div class=\"wpb_text_column wpb_content_element \" >\n\t<div class=\"wpb_wrapper\">\n\t\t<p>L\u2019oscillateur pendulaire OSC-8 est con\u00e7u pour le balayage en soudage MIG\/MAG avec torches de diam\u00e8tre 16 \u00e0 22 mm. L\u2019oscillateur est mont\u00e9 sur une tige de diam\u00e8tre 22 mm et est connect\u00e9 \u00e0 un poste \u00e0 souder. Il peut \u00eatre command\u00e9 manuellement ou par un interrupteur marche\/arr\u00eat externe. L\u2019utilisation du support ind\u00e9pendant en option permet le soudage des tubes en rotation ou des t\u00f4les mobiles. Une alimentation en option permet de connecter l\u2019oscillateur au 230 V ou au 115 V. L\u2019OSC-8 convient pour l\u2019automatisation des proc\u00e9d\u00e9s MIG\/MAG dans l\u2019industrie lourde tel que la construction de ponts, la tuyauterie, la fabrication de bateaux et de cuves.<\/p>\n\t<\/div>\n<\/div>\n\n\n\n<a class=\"nectar-button large regular accent-color  regular-button\"  role=\"button\" style=\"\"  href=\"https:\/\/www.youtube.com\/watch?v=FnC7R0Atsp0\" data-color-override=\"false\" data-hover-color-override=\"false\" data-hover-text-color-override=\"#fff\"><span>Video<\/span><\/a><a class=\"nectar-button large regular extra-color-3  regular-button\"  role=\"button\" style=\"margin-left: 10px;\"  href=\"https:\/\/geosoud.fr\/wp-content\/uploads\/2025\/02\/OSC-8_Oscillateur-Pandulaire_21.11.pdf\" data-color-override=\"false\" data-hover-color-override=\"false\" data-hover-text-color-override=\"#fff\"><span>Brochure<\/span><\/a>\n\t\t<\/div> \n\t<\/div>\n\t<\/div> \n<\/div><\/div>\n\t\t\t<\/div> \n\t\t<\/div>\n\t<\/div> \n<\/div><\/div>\n\t\t<div id=\"fws_69fc88ddce52c\"  data-column-margin=\"default\" data-midnight=\"dark\"  class=\"wpb_row vc_row-fluid vc_row\"  style=\"padding-top: 0px; padding-bottom: 0px; \"><div class=\"row-bg-wrap\" data-bg-animation=\"none\" data-bg-animation-delay=\"\" data-bg-overlay=\"false\"><div class=\"inner-wrap row-bg-layer\" ><div class=\"row-bg viewport-desktop\"  style=\"\"><\/div><\/div><\/div><div class=\"row_col_wrap_12 col span_12 dark left\">\n\t<div  class=\"vc_col-sm-12 wpb_column column_container vc_column_container col no-extra-padding inherit_tablet inherit_phone \"  data-padding-pos=\"all\" data-has-bg-color=\"false\" data-bg-color=\"\" data-bg-opacity=\"1\" data-animation=\"\" data-delay=\"0\" >\n\t\t<div class=\"vc_column-inner\" >\n\t\t\t<div class=\"wpb_wrapper\">\n\t\t\t\t\n\t<div class=\"wpb_gallery wpb_content_element clearfix\">\n\t\t<div class=\"wpb_wrapper\"><div class=\"wpb_gallery_slidesflickity_style\" data-onclick=\"link_no\" data-interval=\"5\"><div class=\"nectar-flickity not-initialized\"  data-touch-icon-color=\"default\" data-stagger=\"\" data-drag-scale=\"\" data-overflow=\"hidden\" data-wrap=\"wrap\" data-spacing=\"default\" data-shadow=\"none\" data-autoplay=\"\" data-autoplay-dur=\"\" data-free-scroll=\"\" data-controls=\"pagination\" data-desktop-columns=\"1\" data-small-desktop-columns=\"1\" data-tablet-columns=\"1\" data-phone-columns=\"1\"><div class=\"flickity-viewport\"> <div class=\"flickity-slider\"><div class=\"cell\" data-lazy=\"false\"><img decoding=\"async\" class=\"skip-lazy nectar-lazy \" src=\"https:\/\/geosoud.fr\/wp-content\/uploads\/2025\/02\/freestand-900x1042-1-600x400.jpeg\" width=\"600\" height=\"400\" alt=\"freestand-900x1042\" title=\"freestand-900x1042\" loading=\"lazy\" \/><\/div><div class=\"cell\" data-lazy=\"false\"><img decoding=\"async\" class=\"skip-lazy nectar-lazy \" src=\"https:\/\/geosoud.fr\/wp-content\/uploads\/2025\/02\/Pendulum-Weave-Welder_1-900x589-1-600x400.jpeg\" width=\"600\" height=\"400\" alt=\"Pendulum-Weave-Welder_1-900x589\" title=\"Pendulum-Weave-Welder_1-900x589\" loading=\"lazy\" \/><\/div><div class=\"cell\" data-lazy=\"false\"><img decoding=\"async\" class=\"skip-lazy nectar-lazy \" src=\"https:\/\/geosoud.fr\/wp-content\/uploads\/2025\/02\/Pendulum-Weave-Welder_2-900x589-1-600x400.jpeg\" width=\"600\" height=\"400\" alt=\"Pendulum-Weave-Welder_2-900x589\" title=\"Pendulum-Weave-Welder_2-900x589\" loading=\"lazy\" \/><\/div><div class=\"cell\" data-lazy=\"false\"><img decoding=\"async\" class=\"skip-lazy nectar-lazy \" src=\"https:\/\/geosoud.fr\/wp-content\/uploads\/2025\/02\/Pendulum-Weave-Welder_3-2-900x589-1-600x400.jpeg\" width=\"600\" height=\"400\" alt=\"Pendulum-Weave-Welder_3-2-900x589\" title=\"Pendulum-Weave-Welder_3-2-900x589\" loading=\"lazy\" \/><\/div><div class=\"cell\" data-lazy=\"false\"><img decoding=\"async\" class=\"skip-lazy nectar-lazy \" src=\"https:\/\/geosoud.fr\/wp-content\/uploads\/2025\/02\/333-3-900x1042-1-600x400.png\" width=\"600\" height=\"400\" alt=\"333-3-900x1042\" title=\"333-3-900x1042\" loading=\"lazy\" \/><\/div><div class=\"cell\" data-lazy=\"false\"><img decoding=\"async\" class=\"skip-lazy nectar-lazy \" src=\"https:\/\/geosoud.fr\/wp-content\/uploads\/2025\/02\/222-1-1-900x1042-1-600x400.jpeg\" width=\"600\" height=\"400\" alt=\"222-1-1-900x1042\" title=\"222-1-1-900x1042\" loading=\"lazy\" \/><\/div><\/div><\/div><\/div><\/div>\n\t\t<\/div> \n\t<\/div> \n\t\t\t<\/div> \n\t\t<\/div>\n\t<\/div> \n<\/div><\/div>\n\t\t<div id=\"fws_69fc88ddd16ed\"  data-column-margin=\"default\" data-midnight=\"dark\" data-top-percent=\"2%\" data-bottom-percent=\"2%\"  class=\"wpb_row vc_row-fluid vc_row\"  style=\"padding-top: calc(100vw * 0.02); padding-bottom: calc(100vw * 0.02); \"><div class=\"row-bg-wrap\" data-bg-animation=\"none\" data-bg-animation-delay=\"\" data-bg-overlay=\"false\"><div class=\"inner-wrap row-bg-layer\" ><div class=\"row-bg viewport-desktop\"  style=\"\"><\/div><\/div><\/div><div class=\"row_col_wrap_12 col span_12 dark left\">\n\t<div  class=\"vc_col-sm-12 wpb_column column_container vc_column_container col no-extra-padding inherit_tablet inherit_phone \"  data-padding-pos=\"all\" data-has-bg-color=\"false\" data-bg-color=\"\" data-bg-opacity=\"1\" data-animation=\"\" data-delay=\"0\" >\n\t\t<div class=\"vc_column-inner\" >\n\t\t\t<div class=\"wpb_wrapper\">\n\t\t\t\t<div id=\"fws_69fc88ddd1eab\" data-midnight=\"\" data-column-margin=\"default\" class=\"wpb_row vc_row-fluid vc_row inner_row\"  style=\"\"><div class=\"row-bg-wrap\"> <div class=\"row-bg\" ><\/div> <\/div><div class=\"row_col_wrap_12_inner col span_12  left\">\n\t<div  class=\"vc_col-sm-6 wpb_column column_container vc_column_container col child_column no-extra-padding inherit_tablet inherit_phone \"   data-padding-pos=\"all\" data-has-bg-color=\"false\" data-bg-color=\"\" data-bg-opacity=\"1\" data-animation=\"\" data-delay=\"0\" >\n\t\t<div class=\"vc_column-inner\" >\n\t\t<div class=\"wpb_wrapper\">\n\t\t\t<h2 style=\"text-align: left\" class=\"vc_custom_heading vc_do_custom_heading\" >Caract\u00e9ristiques et avantages:<\/h2><div class=\"divider-wrap\" data-alignment=\"default\"><div style=\"height: 25px;\" class=\"divider\"><\/div><\/div><div class=\"nectar-fancy-ul\" data-list-icon=\"dot\" data-animation=\"true\" data-animation-delay=\"0\" data-spacing=\"10px\" data-alignment=\"left\"> \n<ul>\n<li>l\u00e9ger et compact<\/li>\n<li>deux modes de d\u00e9marrage: manuel ou par commande externe<\/li>\n<li>quatre param\u00e8tres ajustables (largeur et vitesse d\u2019oscillation, temporisations \u00e0 chaque extr\u00e9mit\u00e9)<\/li>\n<li>panneau de commande simple (4 boutons)<\/li>\n<li>peut fonctionner de mani\u00e8re autonome ou int\u00e9gr\u00e9 dans un syst\u00e8me de soudage plus \u00e9volu\u00e9<\/li>\n<li>solution optimale pour des applications vari\u00e9es<\/li>\n<li>r\u00e9el am\u00e9lioration du process soudage<\/li>\n<li>soudage uniforme et de qualit\u00e9<\/li>\n<li>tension d\u2019alimentation 14-42 V (connexion directe au chariot de soudage ou \u00e0 un syst\u00e8me automatique externe)<\/li>\n<li>alimentation optionnelle 115 VAC ou 230 VAC<\/li>\n<\/ul>\n <\/div>\n\t\t<\/div> \n\t<\/div>\n\t<\/div> \n\n\t<div  class=\"vc_col-sm-6 wpb_column column_container vc_column_container col child_column no-extra-padding inherit_tablet inherit_phone \"   data-padding-pos=\"all\" data-has-bg-color=\"false\" data-bg-color=\"\" data-bg-opacity=\"1\" data-animation=\"\" data-delay=\"0\" >\n\t\t<div class=\"vc_column-inner\" >\n\t\t<div class=\"wpb_wrapper\">\n\t\t\t\n\t\t<\/div> \n\t<\/div>\n\t<\/div> \n<\/div><\/div>\n\t\t\t<\/div> \n\t\t<\/div>\n\t<\/div> \n<\/div><\/div>\n","protected":false},"excerpt":{"rendered":"OSC-8 | Oscillateur Pendulaire L\u2019oscillateur pendulaire OSC-8 est con\u00e7u pour le balayage en soudage MIG\/MAG avec torches de diam\u00e8tre 16 \u00e0 22 mm. L\u2019oscillateur est mont\u00e9 sur une tige de...","protected":false},"author":1,"featured_media":0,"parent":0,"menu_order":0,"comment_status":"closed","ping_status":"closed","template":"","meta":{"footnotes":""},"class_list":["post-310","page","type-page","status-publish"],"_links":{"self":[{"href":"https:\/\/geosoud.fr\/index.php\/wp-json\/wp\/v2\/pages\/310","targetHints":{"allow":["GET"]}}],"collection":[{"href":"https:\/\/geosoud.fr\/index.php\/wp-json\/wp\/v2\/pages"}],"about":[{"href":"https:\/\/geosoud.fr\/index.php\/wp-json\/wp\/v2\/types\/page"}],"author":[{"embeddable":true,"href":"https:\/\/geosoud.fr\/index.php\/wp-json\/wp\/v2\/users\/1"}],"replies":[{"embeddable":true,"href":"https:\/\/geosoud.fr\/index.php\/wp-json\/wp\/v2\/comments?post=310"}],"version-history":[{"count":3,"href":"https:\/\/geosoud.fr\/index.php\/wp-json\/wp\/v2\/pages\/310\/revisions"}],"predecessor-version":[{"id":410,"href":"https:\/\/geosoud.fr\/index.php\/wp-json\/wp\/v2\/pages\/310\/revisions\/410"}],"wp:attachment":[{"href":"https:\/\/geosoud.fr\/index.php\/wp-json\/wp\/v2\/media?parent=310"}],"curies":[{"name":"wp","href":"https:\/\/api.w.org\/{rel}","templated":true}]}}