{"id":299,"date":"2025-02-09T16:44:10","date_gmt":"2025-02-09T16:44:10","guid":{"rendered":"https:\/\/geosoud.fr\/?page_id=299"},"modified":"2025-04-02T07:24:38","modified_gmt":"2025-04-02T07:24:38","slug":"le-potence-mobile-de-soudage-wa-compact","status":"publish","type":"page","link":"https:\/\/geosoud.fr\/index.php\/le-potence-mobile-de-soudage-wa-compact\/","title":{"rendered":"Potence de soudage mobile WA Compact"},"content":{"rendered":"\n\t\t<div id=\"fws_69fc889f12283\"  data-column-margin=\"default\" data-midnight=\"dark\" data-top-percent=\"2%\" data-bottom-percent=\"2%\"  class=\"wpb_row vc_row-fluid vc_row\"  style=\"padding-top: calc(100vw * 0.02); padding-bottom: calc(100vw * 0.02); \"><div class=\"row-bg-wrap\" data-bg-animation=\"none\" data-bg-animation-delay=\"\" data-bg-overlay=\"false\"><div class=\"inner-wrap row-bg-layer\" ><div class=\"row-bg viewport-desktop\"  style=\"\"><\/div><\/div><\/div><div class=\"row_col_wrap_12 col span_12 dark left\">\n\t<div  class=\"vc_col-sm-12 wpb_column column_container vc_column_container col no-extra-padding inherit_tablet inherit_phone \"  data-padding-pos=\"all\" data-has-bg-color=\"false\" data-bg-color=\"\" data-bg-opacity=\"1\" data-animation=\"\" data-delay=\"0\" >\n\t\t<div class=\"vc_column-inner\" >\n\t\t\t<div class=\"wpb_wrapper\">\n\t\t\t\t<h2 style=\"text-align: left\" class=\"vc_custom_heading vc_do_custom_heading\" >Potence de soudage mobile WA Compact<\/h2><div id=\"fws_69fc889f1393f\" data-midnight=\"\" data-column-margin=\"default\" class=\"wpb_row vc_row-fluid vc_row inner_row\"  style=\"\"><div class=\"row-bg-wrap\"> <div class=\"row-bg\" ><\/div> <\/div><div class=\"row_col_wrap_12_inner col span_12  left\">\n\t<div  class=\"vc_col-sm-12 wpb_column column_container vc_column_container col child_column no-extra-padding inherit_tablet inherit_phone \"   data-padding-pos=\"all\" data-has-bg-color=\"false\" data-bg-color=\"\" data-bg-opacity=\"1\" data-animation=\"\" data-delay=\"0\" >\n\t\t<div class=\"vc_column-inner\" >\n\t\t<div class=\"wpb_wrapper\">\n\t\t\t\n<div class=\"wpb_text_column wpb_content_element \" >\n\t<div class=\"wpb_wrapper\">\n\t\t<p>La potence de soudage mobile WA Compact est con\u00e7ue pour r\u00e9aliser des soudures continues ou intermittentes sur des assemblages bout \u00e0 bout et en angle en utilisant le proc\u00e9d\u00e9 MIG\/MAG. Le syst\u00e8me offre un suivi de joint efficace et compense activement la position de la torche verticalement et horizontalement, avec ou sans balayage. Diff\u00e9rentes trajectoires d\u2019oscillation sont possibles, y compris droite, triangulaire, trap\u00e9zo\u00efdale et carr\u00e9e. La WA Compact est une solution \u00e9conomique pour les applications industrielles rectilignes.<\/p>\n\t<\/div>\n<\/div>\n\n\n\n<a class=\"nectar-button large regular accent-color  regular-button\"  role=\"button\" style=\"\"  href=\"https:\/\/www.youtube.com\/watch?v=yf4DN4bJd-k\" data-color-override=\"false\" data-hover-color-override=\"false\" data-hover-text-color-override=\"#fff\"><span>Video<\/span><\/a><a class=\"nectar-button large regular extra-color-3  regular-button\"  role=\"button\" style=\"margin-left: 10px;\"  href=\"https:\/\/geosoud.fr\/wp-content\/uploads\/2025\/02\/WA-COMPACT_Systeme-de-Soudage_25.01.pdf\" data-color-override=\"false\" data-hover-color-override=\"false\" data-hover-text-color-override=\"#fff\"><span>Brochure<\/span><\/a>\n\t\t<\/div> \n\t<\/div>\n\t<\/div> \n<\/div><\/div>\n\t\t\t<\/div> \n\t\t<\/div>\n\t<\/div> \n<\/div><\/div>\n\t\t<div id=\"fws_69fc889f152d9\"  data-column-margin=\"default\" data-midnight=\"dark\"  class=\"wpb_row vc_row-fluid vc_row\"  style=\"padding-top: 0px; padding-bottom: 0px; \"><div class=\"row-bg-wrap\" data-bg-animation=\"none\" data-bg-animation-delay=\"\" data-bg-overlay=\"false\"><div class=\"inner-wrap row-bg-layer\" ><div class=\"row-bg viewport-desktop\"  style=\"\"><\/div><\/div><\/div><div class=\"row_col_wrap_12 col span_12 dark left\">\n\t<div  class=\"vc_col-sm-12 wpb_column column_container vc_column_container col no-extra-padding inherit_tablet inherit_phone \"  data-padding-pos=\"all\" data-has-bg-color=\"false\" data-bg-color=\"\" data-bg-opacity=\"1\" data-animation=\"\" data-delay=\"0\" >\n\t\t<div class=\"vc_column-inner\" >\n\t\t\t<div class=\"wpb_wrapper\">\n\t\t\t\t\n\t<div class=\"wpb_gallery wpb_content_element clearfix\">\n\t\t<div class=\"wpb_wrapper\"><div class=\"wpb_gallery_slidesflickity_style\" data-onclick=\"link_no\" data-interval=\"5\"><div class=\"nectar-flickity not-initialized\"  data-touch-icon-color=\"default\" data-stagger=\"\" data-drag-scale=\"\" data-overflow=\"hidden\" data-wrap=\"wrap\" data-spacing=\"default\" data-shadow=\"none\" data-autoplay=\"\" data-autoplay-dur=\"\" data-free-scroll=\"\" data-controls=\"pagination\" data-desktop-columns=\"1\" data-small-desktop-columns=\"1\" data-tablet-columns=\"1\" data-phone-columns=\"1\"><div class=\"flickity-viewport\"> <div class=\"flickity-slider\"><div class=\"cell\" data-lazy=\"false\"><img decoding=\"async\" class=\"skip-lazy nectar-lazy \" src=\"https:\/\/geosoud.fr\/wp-content\/uploads\/2025\/02\/2-900x506-1-600x400.png\" width=\"600\" height=\"400\" alt=\"2-900x506\" title=\"2-900x506\" loading=\"lazy\" \/><\/div><div class=\"cell\" data-lazy=\"false\"><img decoding=\"async\" class=\"skip-lazy nectar-lazy \" src=\"https:\/\/geosoud.fr\/wp-content\/uploads\/2025\/02\/6-900x505-1-600x400.png\" width=\"600\" height=\"400\" alt=\"6-900x505\" title=\"6-900x505\" loading=\"lazy\" \/><\/div><div class=\"cell\" data-lazy=\"false\"><img decoding=\"async\" class=\"skip-lazy nectar-lazy \" src=\"https:\/\/geosoud.fr\/wp-content\/uploads\/2025\/02\/3-900x506-1-600x400.png\" width=\"600\" height=\"400\" alt=\"3-900x506\" title=\"3-900x506\" loading=\"lazy\" \/><\/div><div class=\"cell\" data-lazy=\"false\"><img decoding=\"async\" class=\"skip-lazy nectar-lazy \" src=\"https:\/\/geosoud.fr\/wp-content\/uploads\/2025\/02\/1-900x506-1-600x400.png\" width=\"600\" height=\"400\" alt=\"1-900x506\" title=\"1-900x506\" loading=\"lazy\" \/><\/div><div class=\"cell\" data-lazy=\"false\"><img decoding=\"async\" class=\"skip-lazy nectar-lazy \" src=\"https:\/\/geosoud.fr\/wp-content\/uploads\/2025\/02\/5-900x506-1-600x400.png\" width=\"600\" height=\"400\" alt=\"5-900x506\" title=\"5-900x506\" loading=\"lazy\" \/><\/div><div class=\"cell\" data-lazy=\"false\"><img decoding=\"async\" class=\"skip-lazy nectar-lazy \" src=\"https:\/\/geosoud.fr\/wp-content\/uploads\/2025\/02\/9-900x506-1-600x400.png\" width=\"600\" height=\"400\" alt=\"9-900x506\" title=\"9-900x506\" loading=\"lazy\" \/><\/div><\/div><\/div><\/div><\/div>\n\t\t<\/div> \n\t<\/div> \n\t\t\t<\/div> \n\t\t<\/div>\n\t<\/div> \n<\/div><\/div>\n\t\t<div id=\"fws_69fc889f196ac\"  data-column-margin=\"default\" data-midnight=\"dark\" data-top-percent=\"2%\" data-bottom-percent=\"2%\"  class=\"wpb_row vc_row-fluid vc_row\"  style=\"padding-top: calc(100vw * 0.02); padding-bottom: calc(100vw * 0.02); \"><div class=\"row-bg-wrap\" data-bg-animation=\"none\" data-bg-animation-delay=\"\" data-bg-overlay=\"false\"><div class=\"inner-wrap row-bg-layer\" ><div class=\"row-bg viewport-desktop\"  style=\"\"><\/div><\/div><\/div><div class=\"row_col_wrap_12 col span_12 dark left\">\n\t<div  class=\"vc_col-sm-12 wpb_column column_container vc_column_container col no-extra-padding inherit_tablet inherit_phone \"  data-padding-pos=\"all\" data-has-bg-color=\"false\" data-bg-color=\"\" data-bg-opacity=\"1\" data-animation=\"\" data-delay=\"0\" >\n\t\t<div class=\"vc_column-inner\" >\n\t\t\t<div class=\"wpb_wrapper\">\n\t\t\t\t<h2 style=\"text-align: left\" class=\"vc_custom_heading vc_do_custom_heading\" >Caract\u00e9ristiques et avantages:<\/h2><div class=\"divider-wrap\" data-alignment=\"default\"><div style=\"height: 25px;\" class=\"divider\"><\/div><\/div><div id=\"fws_69fc889f1a593\" data-midnight=\"\" data-column-margin=\"default\" class=\"wpb_row vc_row-fluid vc_row inner_row\"  style=\"\"><div class=\"row-bg-wrap\"> <div class=\"row-bg\" ><\/div> <\/div><div class=\"row_col_wrap_12_inner col span_12  left\">\n\t<div  class=\"vc_col-sm-6 wpb_column column_container vc_column_container col child_column no-extra-padding inherit_tablet inherit_phone \"   data-padding-pos=\"all\" data-has-bg-color=\"false\" data-bg-color=\"\" data-bg-opacity=\"1\" data-animation=\"\" data-delay=\"0\" >\n\t\t<div class=\"vc_column-inner\" >\n\t\t<div class=\"wpb_wrapper\">\n\t\t\t<div class=\"nectar-fancy-ul\" data-list-icon=\"dot\" data-animation=\"true\" data-animation-delay=\"0\" data-spacing=\"10px\" data-alignment=\"left\"> \n<ul class=\"wp-block-list\">\n<li>Pr\u00e9cision et Efficacit\u00e9 : \u00c9quip\u00e9 d\u2019oscillation et de suivi de joint avec une glissi\u00e8re verticale motoris\u00e9e, maintenant la position correcte de la torche pour des soudures de haute qualit\u00e9.<\/li>\n<li>Motifs d\u2019Oscillation Flexibles : Offre diverses trajectoires de soudure telles que droite, triangulaire, trap\u00e9zo\u00efdale et carr\u00e9e, augmentant l\u2019adaptabilit\u00e9 \u00e0 diff\u00e9rentes exigences.<\/li>\n<li>Contr\u00f4le Convivial : Panneau de commande \u00e0 distance ergonomique avec des boutons de commande simples et faciles \u00e0 trouver, permettant \u00e0 l\u2019op\u00e9rateur des ajustements sans lever la cagoule de soudage.<\/li>\n<\/ul>\n <\/div>\n\t\t<\/div> \n\t<\/div>\n\t<\/div> \n\n\t<div  class=\"vc_col-sm-6 wpb_column column_container vc_column_container col child_column no-extra-padding inherit_tablet inherit_phone \"   data-padding-pos=\"all\" data-has-bg-color=\"false\" data-bg-color=\"\" data-bg-opacity=\"1\" data-animation=\"\" data-delay=\"0\" >\n\t\t<div class=\"vc_column-inner\" >\n\t\t<div class=\"wpb_wrapper\">\n\t\t\t<div class=\"nectar-fancy-ul\" data-list-icon=\"dot\" data-animation=\"true\" data-animation-delay=\"0\" data-spacing=\"10px\" data-alignment=\"left\"> \n<ul class=\"wp-block-list\">\n<li>Longueur de Piste Personnalis\u00e9e : Les sections de piste de 2200 mm chacune peuvent \u00eatre assembl\u00e9es pour atteindre la longueur de piste de travail requise.<\/li>\n<li>Solution \u00c9conomique : Solution de soudage avanc\u00e9e et polyvalente \u00e0 co\u00fbt r\u00e9duit avec un espace de travail personnalis\u00e9, en faisant un choix pratique pour les ateliers et les grandes installations industrielles.<\/li>\n<\/ul>\n <\/div>\n\t\t<\/div> \n\t<\/div>\n\t<\/div> \n<\/div><\/div>\n\t\t\t<\/div> \n\t\t<\/div>\n\t<\/div> \n<\/div><\/div>\n","protected":false},"excerpt":{"rendered":"Potence de soudage mobile WA Compact La potence de soudage mobile WA Compact est con\u00e7ue pour r\u00e9aliser des soudures continues ou intermittentes sur des assemblages bout \u00e0 bout et en...","protected":false},"author":1,"featured_media":0,"parent":0,"menu_order":0,"comment_status":"closed","ping_status":"closed","template":"","meta":{"footnotes":""},"class_list":["post-299","page","type-page","status-publish"],"_links":{"self":[{"href":"https:\/\/geosoud.fr\/index.php\/wp-json\/wp\/v2\/pages\/299","targetHints":{"allow":["GET"]}}],"collection":[{"href":"https:\/\/geosoud.fr\/index.php\/wp-json\/wp\/v2\/pages"}],"about":[{"href":"https:\/\/geosoud.fr\/index.php\/wp-json\/wp\/v2\/types\/page"}],"author":[{"embeddable":true,"href":"https:\/\/geosoud.fr\/index.php\/wp-json\/wp\/v2\/users\/1"}],"replies":[{"embeddable":true,"href":"https:\/\/geosoud.fr\/index.php\/wp-json\/wp\/v2\/comments?post=299"}],"version-history":[{"count":8,"href":"https:\/\/geosoud.fr\/index.php\/wp-json\/wp\/v2\/pages\/299\/revisions"}],"predecessor-version":[{"id":408,"href":"https:\/\/geosoud.fr\/index.php\/wp-json\/wp\/v2\/pages\/299\/revisions\/408"}],"wp:attachment":[{"href":"https:\/\/geosoud.fr\/index.php\/wp-json\/wp\/v2\/media?parent=299"}],"curies":[{"name":"wp","href":"https:\/\/api.w.org\/{rel}","templated":true}]}}