{"id":192,"date":"2025-02-05T09:36:42","date_gmt":"2025-02-05T09:36:42","guid":{"rendered":"https:\/\/geosoud.fr\/?page_id=192"},"modified":"2025-02-11T10:34:58","modified_gmt":"2025-02-11T10:34:58","slug":"etuves-pour-consommables-de-soudage","status":"publish","type":"page","link":"https:\/\/geosoud.fr\/index.php\/etuves-pour-consommables-de-soudage\/","title":{"rendered":"Etuves pour consommables de soudage"},"content":{"rendered":"\n\t\t<div id=\"fws_69fc988d6267e\"  data-column-margin=\"default\" data-midnight=\"dark\" data-top-percent=\"2%\" data-bottom-percent=\"2%\"  class=\"wpb_row vc_row-fluid vc_row\"  style=\"padding-top: calc(100vw * 0.02); padding-bottom: calc(100vw * 0.02); \"><div class=\"row-bg-wrap\" data-bg-animation=\"none\" data-bg-animation-delay=\"\" data-bg-overlay=\"false\"><div class=\"inner-wrap row-bg-layer\" ><div class=\"row-bg viewport-desktop\"  style=\"\"><\/div><\/div><\/div><div class=\"row_col_wrap_12 col span_12 dark left\">\n\t<div  class=\"vc_col-sm-12 wpb_column column_container vc_column_container col no-extra-padding inherit_tablet inherit_phone \"  data-padding-pos=\"all\" data-has-bg-color=\"false\" data-bg-color=\"\" data-bg-opacity=\"1\" data-animation=\"\" data-delay=\"0\" >\n\t\t<div class=\"vc_column-inner\" >\n\t\t\t<div class=\"wpb_wrapper\">\n\t\t\t\t<h2 style=\"text-align: left\" class=\"vc_custom_heading vc_do_custom_heading\" >Etuves pour consommables de soudage<\/h2><div id=\"fws_69fc988d63cb3\" data-midnight=\"\" data-column-margin=\"default\" class=\"wpb_row vc_row-fluid vc_row inner_row\"  style=\"\"><div class=\"row-bg-wrap\"> <div class=\"row-bg\" ><\/div> <\/div><div class=\"row_col_wrap_12_inner col span_12  left\">\n\t<div  class=\"vc_col-sm-12 wpb_column column_container vc_column_container col child_column no-extra-padding inherit_tablet inherit_phone \"   data-padding-pos=\"all\" data-has-bg-color=\"false\" data-bg-color=\"\" data-bg-opacity=\"1\" data-animation=\"\" data-delay=\"0\" >\n\t\t<div class=\"vc_column-inner\" >\n\t\t<div class=\"wpb_wrapper\">\n\t\t\t\n<div class=\"wpb_text_column wpb_content_element \" >\n\t<div class=\"wpb_wrapper\">\n\t\t<p>Fours pour le s\u00e9chage et la conservation des consommables de soudage (\u00e9lectrodes enrob\u00e9es, fils fourr\u00e9s, flux pour l\u2019arc submerg\u00e9), de capacit\u00e9 8 \u00e0 500kg, \u00e0 temp\u00e9rature fixe ou r\u00e9glable.<\/p>\n\t<\/div>\n<\/div>\n\n\n\n\n\t\t<\/div> \n\t<\/div>\n\t<\/div> \n<\/div><\/div>\n\t\t\t<\/div> \n\t\t<\/div>\n\t<\/div> \n<\/div><\/div>\n\t\t<div id=\"fws_69fc988d64ecb\"  data-column-margin=\"default\" data-midnight=\"dark\"  class=\"wpb_row vc_row-fluid vc_row\"  style=\"padding-top: 0px; padding-bottom: 0px; \"><div class=\"row-bg-wrap\" data-bg-animation=\"none\" data-bg-animation-delay=\"\" data-bg-overlay=\"false\"><div class=\"inner-wrap row-bg-layer\" ><div class=\"row-bg viewport-desktop\"  style=\"\"><\/div><\/div><\/div><div class=\"row_col_wrap_12 col span_12 dark left\">\n\t<div  class=\"vc_col-sm-12 wpb_column column_container vc_column_container col no-extra-padding inherit_tablet inherit_phone \"  data-padding-pos=\"all\" data-has-bg-color=\"false\" data-bg-color=\"\" data-bg-opacity=\"1\" data-animation=\"\" data-delay=\"0\" >\n\t\t<div class=\"vc_column-inner\" >\n\t\t\t<div class=\"wpb_wrapper\">\n\t\t\t\t<div id=\"fws_69fc988d65ab4\" data-midnight=\"\" data-column-margin=\"default\" class=\"wpb_row vc_row-fluid vc_row inner_row\"  style=\"padding-top: 1%; padding-bottom: 1%; \"><div class=\"row-bg-wrap\"> <div class=\"row-bg\" ><\/div> <\/div><div class=\"row_col_wrap_12_inner col span_12  left\">\n\t<div  class=\"vc_col-sm-4 wpb_column column_container vc_column_container col child_column padding-1-percent inherit_tablet inherit_phone \"   data-shadow=\"small_depth\" data-border-radius=\"5px\" data-border-animation=\"\" data-border-animation-delay=\"\" data-border-width=\"1px\" data-border-style=\"solid\" data-border-color=\"#cccccc\" data-padding-pos=\"all\" data-has-bg-color=\"false\" data-bg-color=\"\" data-bg-opacity=\"1\" data-animation=\"\" data-delay=\"0\" >\n\t\t<div class=\"vc_column-inner\" style=\"border: 1px solid #cccccc;\"><div class=\"column-bg-overlay-wrap column-bg-layer\" data-bg-animation=\"none\"><div class=\"column-bg-overlay\"><\/div><\/div>\n\t\t<div class=\"wpb_wrapper\">\n\t\t\t<h6 style=\"text-align: left\" class=\"vc_custom_heading vc_do_custom_heading\" >Etuves portables<\/h6><div class=\"img-with-aniamtion-wrap  custom-size\" data-max-width=\"100%\" data-max-width-mobile=\"default\" data-border-radius=\"3px\" data-shadow=\"none\" data-animation=\"none\" >\n      <div class=\"inner\">\n        <div class=\"hover-wrap\"> \n          <div class=\"hover-wrap-inner\">\n            <img loading=\"lazy\" decoding=\"async\" class=\"img-with-animation skip-lazy\" data-delay=\"0\" height=\"450\" width=\"450\" data-animation=\"none\" src=\"https:\/\/geosoud.fr\/wp-content\/uploads\/2025\/02\/BMK-1A-WS-OK-450x450-1.png\" alt=\"\" srcset=\"https:\/\/geosoud.fr\/wp-content\/uploads\/2025\/02\/BMK-1A-WS-OK-450x450-1.png 450w, https:\/\/geosoud.fr\/wp-content\/uploads\/2025\/02\/BMK-1A-WS-OK-450x450-1-300x300.png 300w, https:\/\/geosoud.fr\/wp-content\/uploads\/2025\/02\/BMK-1A-WS-OK-450x450-1-150x150.png 150w, https:\/\/geosoud.fr\/wp-content\/uploads\/2025\/02\/BMK-1A-WS-OK-450x450-1-140x140.png 140w, https:\/\/geosoud.fr\/wp-content\/uploads\/2025\/02\/BMK-1A-WS-OK-450x450-1-100x100.png 100w, https:\/\/geosoud.fr\/wp-content\/uploads\/2025\/02\/BMK-1A-WS-OK-450x450-1-350x350.png 350w\" sizes=\"auto, (max-width: 450px) 100vw, 450px\" \/>\n          <\/div>\n        <\/div>\n      <\/div>\n    <\/div><a class=\"nectar-button small regular accent-color  regular-button\"  role=\"button\" style=\"\" target=\"_blank\" href=\"https:\/\/geosoud.fr\/wp-content\/uploads\/2025\/02\/Etuve-portative-electrodes-YMBMK-1.pdf\" data-color-override=\"false\" data-hover-color-override=\"false\" data-hover-text-color-override=\"#fff\"><span>Brochure<\/span><\/a>\n\t\t<\/div> \n\t<\/div>\n\t<\/div> \n\n\t<div  class=\"vc_col-sm-4 wpb_column column_container vc_column_container col child_column padding-1-percent inherit_tablet inherit_phone \"   data-shadow=\"small_depth\" data-border-radius=\"5px\" data-border-animation=\"\" data-border-animation-delay=\"\" data-border-width=\"1px\" data-border-style=\"solid\" data-border-color=\"#cccccc\" data-padding-pos=\"all\" data-has-bg-color=\"false\" data-bg-color=\"\" data-bg-opacity=\"1\" data-animation=\"\" data-delay=\"0\" >\n\t\t<div class=\"vc_column-inner\" style=\"border: 1px solid #cccccc;\"><div class=\"column-bg-overlay-wrap column-bg-layer\" data-bg-animation=\"none\"><div class=\"column-bg-overlay\"><\/div><\/div>\n\t\t<div class=\"wpb_wrapper\">\n\t\t\t<h6 style=\"text-align: left\" class=\"vc_custom_heading vc_do_custom_heading\" >Etuves fixes pour \u00e9lectrodes enrob\u00e9es ou fils de soudage<\/h6><div class=\"img-with-aniamtion-wrap  custom-size\" data-max-width=\"100%\" data-max-width-mobile=\"default\" data-border-radius=\"3px\" data-shadow=\"none\" data-animation=\"none\" >\n      <div class=\"inner\">\n        <div class=\"hover-wrap\"> \n          <div class=\"hover-wrap-inner\">\n            <img loading=\"lazy\" decoding=\"async\" class=\"img-with-animation skip-lazy\" data-delay=\"0\" height=\"450\" width=\"450\" data-animation=\"none\" src=\"https:\/\/geosoud.fr\/wp-content\/uploads\/2025\/02\/fot_3-1-450x450-1.png\" alt=\"\" srcset=\"https:\/\/geosoud.fr\/wp-content\/uploads\/2025\/02\/fot_3-1-450x450-1.png 450w, https:\/\/geosoud.fr\/wp-content\/uploads\/2025\/02\/fot_3-1-450x450-1-300x300.png 300w, https:\/\/geosoud.fr\/wp-content\/uploads\/2025\/02\/fot_3-1-450x450-1-150x150.png 150w, https:\/\/geosoud.fr\/wp-content\/uploads\/2025\/02\/fot_3-1-450x450-1-140x140.png 140w, https:\/\/geosoud.fr\/wp-content\/uploads\/2025\/02\/fot_3-1-450x450-1-100x100.png 100w, https:\/\/geosoud.fr\/wp-content\/uploads\/2025\/02\/fot_3-1-450x450-1-350x350.png 350w\" sizes=\"auto, (max-width: 450px) 100vw, 450px\" \/>\n          <\/div>\n        <\/div>\n      <\/div>\n    <\/div><a class=\"nectar-button small regular accent-color  regular-button\"  role=\"button\" style=\"\"  href=\"https:\/\/geosoud.fr\/wp-content\/uploads\/2025\/02\/Etuve-electrodes-YMBMK-10-20-30-et-50.pdf\" data-color-override=\"false\" data-hover-color-override=\"false\" data-hover-text-color-override=\"#fff\"><span>Brochure<\/span><\/a>\n\t\t<\/div> \n\t<\/div>\n\t<\/div> \n\n\t<div  class=\"vc_col-sm-4 wpb_column column_container vc_column_container col child_column padding-1-percent inherit_tablet inherit_phone \"   data-shadow=\"small_depth\" data-border-radius=\"5px\" data-border-animation=\"\" data-border-animation-delay=\"\" data-border-width=\"1px\" data-border-style=\"solid\" data-border-color=\"#cccccc\" data-padding-pos=\"all\" data-has-bg-color=\"false\" data-bg-color=\"\" data-bg-opacity=\"1\" data-animation=\"\" data-delay=\"0\" >\n\t\t<div class=\"vc_column-inner\" style=\"border: 1px solid #cccccc;\"><div class=\"column-bg-overlay-wrap column-bg-layer\" data-bg-animation=\"none\"><div class=\"column-bg-overlay\"><\/div><\/div>\n\t\t<div class=\"wpb_wrapper\">\n\t\t\t<h6 style=\"text-align: left\" class=\"vc_custom_heading vc_do_custom_heading\" >Etuves pour flux de soudage<\/h6><div class=\"img-with-aniamtion-wrap  custom-size\" data-max-width=\"100%\" data-max-width-mobile=\"default\" data-border-radius=\"3px\" data-shadow=\"none\" data-animation=\"none\" >\n      <div class=\"inner\">\n        <div class=\"hover-wrap\"> \n          <div class=\"hover-wrap-inner\">\n            <img loading=\"lazy\" decoding=\"async\" class=\"img-with-animation skip-lazy\" data-delay=\"0\" height=\"450\" width=\"450\" data-animation=\"none\" src=\"https:\/\/geosoud.fr\/wp-content\/uploads\/2025\/02\/fot_2-1-450x450-1.png\" alt=\"\" srcset=\"https:\/\/geosoud.fr\/wp-content\/uploads\/2025\/02\/fot_2-1-450x450-1.png 450w, https:\/\/geosoud.fr\/wp-content\/uploads\/2025\/02\/fot_2-1-450x450-1-300x300.png 300w, https:\/\/geosoud.fr\/wp-content\/uploads\/2025\/02\/fot_2-1-450x450-1-150x150.png 150w, https:\/\/geosoud.fr\/wp-content\/uploads\/2025\/02\/fot_2-1-450x450-1-140x140.png 140w, https:\/\/geosoud.fr\/wp-content\/uploads\/2025\/02\/fot_2-1-450x450-1-100x100.png 100w, https:\/\/geosoud.fr\/wp-content\/uploads\/2025\/02\/fot_2-1-450x450-1-350x350.png 350w\" sizes=\"auto, (max-width: 450px) 100vw, 450px\" \/>\n          <\/div>\n        <\/div>\n      <\/div>\n    <\/div><a class=\"nectar-button small regular accent-color  regular-button\"  role=\"button\" style=\"\"  href=\"https:\/\/geosoud.fr\/wp-content\/uploads\/2025\/02\/Etuve-pour-flux.pdf\" data-color-override=\"false\" data-hover-color-override=\"false\" data-hover-text-color-override=\"#fff\"><span>Brochure<\/span><\/a>\n\t\t<\/div> \n\t<\/div>\n\t<\/div> \n<\/div><\/div>\n\t\t\t<\/div> \n\t\t<\/div>\n\t<\/div> \n<\/div><\/div>\n","protected":false},"excerpt":{"rendered":"Etuves pour consommables de soudage Fours pour le s\u00e9chage et la conservation des consommables de soudage (\u00e9lectrodes enrob\u00e9es, fils fourr\u00e9s, flux pour l\u2019arc submerg\u00e9), de capacit\u00e9 8 \u00e0 500kg, \u00e0...","protected":false},"author":1,"featured_media":0,"parent":0,"menu_order":0,"comment_status":"closed","ping_status":"closed","template":"","meta":{"footnotes":""},"class_list":["post-192","page","type-page","status-publish"],"_links":{"self":[{"href":"https:\/\/geosoud.fr\/index.php\/wp-json\/wp\/v2\/pages\/192","targetHints":{"allow":["GET"]}}],"collection":[{"href":"https:\/\/geosoud.fr\/index.php\/wp-json\/wp\/v2\/pages"}],"about":[{"href":"https:\/\/geosoud.fr\/index.php\/wp-json\/wp\/v2\/types\/page"}],"author":[{"embeddable":true,"href":"https:\/\/geosoud.fr\/index.php\/wp-json\/wp\/v2\/users\/1"}],"replies":[{"embeddable":true,"href":"https:\/\/geosoud.fr\/index.php\/wp-json\/wp\/v2\/comments?post=192"}],"version-history":[{"count":4,"href":"https:\/\/geosoud.fr\/index.php\/wp-json\/wp\/v2\/pages\/192\/revisions"}],"predecessor-version":[{"id":282,"href":"https:\/\/geosoud.fr\/index.php\/wp-json\/wp\/v2\/pages\/192\/revisions\/282"}],"wp:attachment":[{"href":"https:\/\/geosoud.fr\/index.php\/wp-json\/wp\/v2\/media?parent=192"}],"curies":[{"name":"wp","href":"https:\/\/api.w.org\/{rel}","templated":true}]}}