{"id":160,"date":"2025-02-05T09:09:22","date_gmt":"2025-02-05T09:09:22","guid":{"rendered":"https:\/\/geosoud.fr\/?page_id=160"},"modified":"2025-04-02T07:38:08","modified_gmt":"2025-04-02T07:38:08","slug":"poinconneuses","status":"publish","type":"page","link":"https:\/\/geosoud.fr\/index.php\/poinconneuses\/","title":{"rendered":"Poin\u00e7onneuses"},"content":{"rendered":"\n\t\t<div id=\"fws_69fc88e3b1f63\"  data-column-margin=\"default\" data-midnight=\"dark\" data-top-percent=\"2%\"  class=\"wpb_row vc_row-fluid vc_row\"  style=\"padding-top: calc(100vw * 0.02); padding-bottom: 0px; \"><div class=\"row-bg-wrap\" data-bg-animation=\"none\" data-bg-animation-delay=\"\" data-bg-overlay=\"false\"><div class=\"inner-wrap row-bg-layer\" ><div class=\"row-bg viewport-desktop\"  style=\"\"><\/div><\/div><\/div><div class=\"row_col_wrap_12 col span_12 dark left\">\n\t<div  class=\"vc_col-sm-12 wpb_column column_container vc_column_container col no-extra-padding inherit_tablet inherit_phone \"  data-padding-pos=\"all\" data-has-bg-color=\"false\" data-bg-color=\"\" data-bg-opacity=\"1\" data-animation=\"\" data-delay=\"0\" >\n\t\t<div class=\"vc_column-inner\" >\n\t\t\t<div class=\"wpb_wrapper\">\n\t\t\t\t<h2 style=\"text-align: left\" class=\"vc_custom_heading vc_do_custom_heading\" >Poin\u00e7onneuses<\/h2><div id=\"fws_69fc88e3b2bf0\" data-midnight=\"\" data-column-margin=\"default\" class=\"wpb_row vc_row-fluid vc_row inner_row\"  style=\"\"><div class=\"row-bg-wrap\"> <div class=\"row-bg\" ><\/div> <\/div><div class=\"row_col_wrap_12_inner col span_12  left\">\n\t<div  class=\"vc_col-sm-12 wpb_column column_container vc_column_container col child_column no-extra-padding inherit_tablet inherit_phone \"   data-padding-pos=\"all\" data-has-bg-color=\"false\" data-bg-color=\"\" data-bg-opacity=\"1\" data-animation=\"\" data-delay=\"0\" >\n\t\t<div class=\"vc_column-inner\" >\n\t\t<div class=\"wpb_wrapper\">\n\t\t\t\n<div class=\"wpb_text_column wpb_content_element \" >\n\t<div class=\"wpb_wrapper\">\n\t\t<p>Une gamme de machines hydrauliques et de nombreux accessoires pour r\u00e9aliser des trous de forme ronde ou oblong. C\u2019est l\u2019outil indispensable pour ceux qui font de la charpente m\u00e9tallique.<\/p>\n\t<\/div>\n<\/div>\n\n\n\n\n\t\t<\/div> \n\t<\/div>\n\t<\/div> \n<\/div><\/div>\n\t\t\t<\/div> \n\t\t<\/div>\n\t<\/div> \n<\/div><\/div>\n\t\t<div id=\"fws_69fc88e3b37ab\"  data-column-margin=\"default\" data-midnight=\"dark\"  class=\"wpb_row vc_row-fluid vc_row\"  style=\"padding-top: 0px; padding-bottom: 0px; \"><div class=\"row-bg-wrap\" data-bg-animation=\"none\" data-bg-animation-delay=\"\" data-bg-overlay=\"false\"><div class=\"inner-wrap row-bg-layer\" ><div class=\"row-bg viewport-desktop\"  style=\"\"><\/div><\/div><\/div><div class=\"row_col_wrap_12 col span_12 dark left\">\n\t<div  class=\"vc_col-sm-12 wpb_column column_container vc_column_container col no-extra-padding inherit_tablet inherit_phone \"  data-padding-pos=\"all\" data-has-bg-color=\"false\" data-bg-color=\"\" data-bg-opacity=\"1\" data-animation=\"\" data-delay=\"0\" >\n\t\t<div class=\"vc_column-inner\" >\n\t\t\t<div class=\"wpb_wrapper\">\n\t\t\t\t<div id=\"fws_69fc88e3b3eb5\" data-midnight=\"\" data-column-margin=\"default\" class=\"wpb_row vc_row-fluid vc_row inner_row\"  style=\"padding-top: 1%; padding-bottom: 1%; \"><div class=\"row-bg-wrap\"> <div class=\"row-bg\" ><\/div> <\/div><div class=\"row_col_wrap_12_inner col span_12  left\">\n\t<div  class=\"vc_col-sm-12 wpb_column column_container vc_column_container col child_column no-extra-padding inherit_tablet inherit_phone \"   data-padding-pos=\"all\" data-has-bg-color=\"false\" data-bg-color=\"\" data-bg-opacity=\"1\" data-animation=\"\" data-delay=\"0\" >\n\t\t<div class=\"vc_column-inner\" >\n\t\t<div class=\"wpb_wrapper\">\n\t\t\t\n\t<div class=\"wpb_gallery wpb_content_element clearfix\">\n\t\t<div class=\"wpb_wrapper\"><div class=\"wpb_gallery_slidesflickity_style\" data-onclick=\"link_no\" data-interval=\"5\"><div class=\"nectar-flickity not-initialized\"  data-touch-icon-color=\"default\" data-stagger=\"\" data-drag-scale=\"\" data-overflow=\"hidden\" data-wrap=\"wrap\" data-spacing=\"default\" data-shadow=\"none\" data-autoplay=\"\" data-autoplay-dur=\"\" data-free-scroll=\"\" data-controls=\"pagination\" data-desktop-columns=\"1\" data-small-desktop-columns=\"3\" data-tablet-columns=\"3\" data-phone-columns=\"1\"><div class=\"flickity-viewport\"> <div class=\"flickity-slider\"><div class=\"cell\" data-lazy=\"false\"><img decoding=\"async\" class=\"skip-lazy nectar-lazy \" src=\"https:\/\/geosoud.fr\/wp-content\/uploads\/2025\/02\/4-600x400.webp\" width=\"600\" height=\"400\" alt=\"4\" title=\"4\" loading=\"lazy\" \/><\/div><div class=\"cell\" data-lazy=\"false\"><img decoding=\"async\" class=\"skip-lazy nectar-lazy \" src=\"https:\/\/geosoud.fr\/wp-content\/uploads\/2025\/02\/6-600x400.webp\" width=\"600\" height=\"400\" alt=\"6\" title=\"6\" loading=\"lazy\" \/><\/div><div class=\"cell\" data-lazy=\"false\"><img decoding=\"async\" class=\"skip-lazy nectar-lazy \" src=\"https:\/\/geosoud.fr\/wp-content\/uploads\/2025\/02\/1-2-600x400.webp\" width=\"600\" height=\"400\" alt=\"1-2\" title=\"1-2\" loading=\"lazy\" \/><\/div><div class=\"cell\" data-lazy=\"false\"><img decoding=\"async\" class=\"skip-lazy nectar-lazy \" src=\"https:\/\/geosoud.fr\/wp-content\/uploads\/2025\/02\/3-600x400.webp\" width=\"600\" height=\"400\" alt=\"3\" title=\"3\" loading=\"lazy\" \/><\/div><div class=\"cell\" data-lazy=\"false\"><img decoding=\"async\" class=\"skip-lazy nectar-lazy \" src=\"https:\/\/geosoud.fr\/wp-content\/uploads\/2025\/02\/5-600x400.webp\" width=\"600\" height=\"400\" alt=\"5\" title=\"5\" loading=\"lazy\" \/><\/div><div class=\"cell\" data-lazy=\"false\"><img decoding=\"async\" class=\"skip-lazy nectar-lazy \" src=\"https:\/\/geosoud.fr\/wp-content\/uploads\/2025\/02\/2-600x400.webp\" width=\"600\" height=\"400\" alt=\"2\" title=\"2\" loading=\"lazy\" \/><\/div><\/div><\/div><\/div><\/div>\n\t\t<\/div> \n\t<\/div> \n<div class=\"wpb_text_column wpb_content_element \" >\n\t<div class=\"wpb_wrapper\">\n\t\t<p><strong>PRO-60 &amp; 110HP\u00a0:<\/strong>\u00a0poin\u00e7onneuses hydrauliques pour \u00e9paisseurs 13 et 16mm maximum. Complet avec groupe hydraulique et divers accessoires disponibles ainsi qu\u2019un large choix de poin\u00e7ons et matrices pour r\u00e9pondre \u00e0 vos besoins.<\/p>\n\t<\/div>\n<\/div>\n\n\n\n<div class=\"nectar-fancy-ul\" data-list-icon=\"dot\" data-animation=\"true\" data-animation-delay=\"0\" data-spacing=\"10px\" data-alignment=\"left\"> \n<ul>\n<li>Double action &#8211; cycle de poin\u00e7onnage et de retour automatique<\/li>\n<li>Large gamme de diam\u00e8tres de trous jusqu\u2019\u00e0 27mm<\/li>\n<li>Construction moderne<\/li>\n<li>Syst\u00e8me intelligent de r\u00e9gulation avec mode approche et d\u00e9tection automatique de charge<\/li>\n<li>Voyant indicateur<\/li>\n<li>Protection contre le d\u00e9marrage accidentel<\/li>\n<li>Facile \u00e0 manipuler dans les positions difficiles<\/li>\n<li>Toutes les connexions situ\u00e9es \u00e0 l\u2019arri\u00e8re<\/li>\n<li>Poin\u00e7ons et matrices sp\u00e9ciales sur demande<\/li>\n<li>Centrale hydraulique brevet\u00e9e, compacte et mobile<\/li>\n<li>Potence auto-\u00e9quilibr\u00e9e pour la productivit\u00e9 et le confort de l\u2019op\u00e9rateur<\/li>\n<\/ul>\n <\/div><a class=\"nectar-button medium regular accent-color  regular-button\"  role=\"button\" style=\"margin-left: 10px;\"  href=\"https:\/\/www.youtube.com\/watch?v=cmA2ODduL2I\" data-color-override=\"false\" data-hover-color-override=\"false\" data-hover-text-color-override=\"#fff\"><span>Video<\/span><\/a><a class=\"nectar-button medium regular accent-color  regular-button\"  role=\"button\" style=\"margin-left: 10px;\"  href=\"https:\/\/geosoud.fr\/wp-content\/uploads\/2025\/02\/PRO-HP_Poinconneuse-Hydraulique-Portable_21.12.pdf\" data-color-override=\"false\" data-hover-color-override=\"false\" data-hover-text-color-override=\"#fff\"><span>Brochure<\/span><\/a>\n\t\t<\/div> \n\t<\/div>\n\t<\/div> \n<\/div><\/div>\n\t\t\t<\/div> \n\t\t<\/div>\n\t<\/div> \n<\/div><\/div>\n","protected":false},"excerpt":{"rendered":"Poin\u00e7onneuses Une gamme de machines hydrauliques et de nombreux accessoires pour r\u00e9aliser des trous de forme ronde ou oblong. C\u2019est l\u2019outil indispensable pour ceux qui font de la charpente m\u00e9tallique....","protected":false},"author":1,"featured_media":0,"parent":0,"menu_order":0,"comment_status":"closed","ping_status":"closed","template":"","meta":{"footnotes":""},"class_list":["post-160","page","type-page","status-publish"],"_links":{"self":[{"href":"https:\/\/geosoud.fr\/index.php\/wp-json\/wp\/v2\/pages\/160","targetHints":{"allow":["GET"]}}],"collection":[{"href":"https:\/\/geosoud.fr\/index.php\/wp-json\/wp\/v2\/pages"}],"about":[{"href":"https:\/\/geosoud.fr\/index.php\/wp-json\/wp\/v2\/types\/page"}],"author":[{"embeddable":true,"href":"https:\/\/geosoud.fr\/index.php\/wp-json\/wp\/v2\/users\/1"}],"replies":[{"embeddable":true,"href":"https:\/\/geosoud.fr\/index.php\/wp-json\/wp\/v2\/comments?post=160"}],"version-history":[{"count":9,"href":"https:\/\/geosoud.fr\/index.php\/wp-json\/wp\/v2\/pages\/160\/revisions"}],"predecessor-version":[{"id":414,"href":"https:\/\/geosoud.fr\/index.php\/wp-json\/wp\/v2\/pages\/160\/revisions\/414"}],"wp:attachment":[{"href":"https:\/\/geosoud.fr\/index.php\/wp-json\/wp\/v2\/media?parent=160"}],"curies":[{"name":"wp","href":"https:\/\/api.w.org\/{rel}","templated":true}]}}