{"id":155,"date":"2025-02-05T09:04:13","date_gmt":"2025-02-05T09:04:13","guid":{"rendered":"https:\/\/geosoud.fr\/?page_id=155"},"modified":"2025-02-11T10:34:09","modified_gmt":"2025-02-11T10:34:09","slug":"bancs-de-charge-coffrets-afficheurs","status":"publish","type":"page","link":"https:\/\/geosoud.fr\/index.php\/bancs-de-charge-coffrets-afficheurs\/","title":{"rendered":"Bancs de charge &#038; Coffrets afficheurs"},"content":{"rendered":"\n\t\t<div id=\"fws_69fc88d12945b\"  data-column-margin=\"default\" data-midnight=\"dark\" data-top-percent=\"2%\" data-bottom-percent=\"2%\"  class=\"wpb_row vc_row-fluid vc_row\"  style=\"padding-top: calc(100vw * 0.02); padding-bottom: calc(100vw * 0.02); \"><div class=\"row-bg-wrap\" data-bg-animation=\"none\" data-bg-animation-delay=\"\" data-bg-overlay=\"false\"><div class=\"inner-wrap row-bg-layer\" ><div class=\"row-bg viewport-desktop\"  style=\"\"><\/div><\/div><\/div><div class=\"row_col_wrap_12 col span_12 dark left\">\n\t<div  class=\"vc_col-sm-12 wpb_column column_container vc_column_container col no-extra-padding inherit_tablet inherit_phone \"  data-padding-pos=\"all\" data-has-bg-color=\"false\" data-bg-color=\"\" data-bg-opacity=\"1\" data-animation=\"\" data-delay=\"0\" >\n\t\t<div class=\"vc_column-inner\" >\n\t\t\t<div class=\"wpb_wrapper\">\n\t\t\t\t<div id=\"fws_69fc88d12a4fa\" data-midnight=\"\" data-column-margin=\"default\" class=\"wpb_row vc_row-fluid vc_row inner_row\"  style=\"\"><div class=\"row-bg-wrap\"> <div class=\"row-bg\" ><\/div> <\/div><div class=\"row_col_wrap_12_inner col span_12  left\">\n\t<div  class=\"vc_col-sm-12 wpb_column column_container vc_column_container col child_column no-extra-padding inherit_tablet inherit_phone \"   data-padding-pos=\"all\" data-has-bg-color=\"false\" data-bg-color=\"\" data-bg-opacity=\"1\" data-animation=\"\" data-delay=\"0\" >\n\t\t<div class=\"vc_column-inner\" >\n\t\t<div class=\"wpb_wrapper\">\n\t\t\t<h2 style=\"text-align: left\" class=\"vc_custom_heading vc_do_custom_heading\" >Bancs de charge pour la v\u00e9rification des postes \u00e0 souder<\/h2>\n<div class=\"wpb_text_column wpb_content_element \" >\n\t<div class=\"wpb_wrapper\">\n\t\t<p align=\"justify\">Diff\u00e9rents types de banc de charge \u00e0 r\u00e9sistances pour la v\u00e9rification et l\u2019\u00e9talonnage des postes \u00e0 souder, de puissance 400A \u00e0 1200A, avec ou sans afficheurs. Ils conviennent \u00e0 tous les proc\u00e9d\u00e9s de soudage, TIG avec haute fr\u00e9quence compris et ne n\u00e9cessitent pas d\u2019alimentation \u00e9lectrique. Simple et compact, ils vous serviront de nombreuses ann\u00e9es. Les bancs d\u2019\u00e9talonnage permettent l\u2019\u00e9talonnage des postes suivant la norme EN 60974-14.<\/p>\n\t<\/div>\n<\/div>\n\n\n\n\n\t\t<\/div> \n\t<\/div>\n\t<\/div> \n<\/div><\/div><h2 style=\"text-align: left\" class=\"vc_custom_heading vc_do_custom_heading\" >Coffrets d\u2019affichage des param\u00e8tres soudage<\/h2>\n<div class=\"wpb_text_column wpb_content_element \" >\n\t<div class=\"wpb_wrapper\">\n\t\t<p align=\"justify\">Trois mod\u00e8les de coffrets pour afficher vos param\u00e8tres de soudage et ainsi r\u00e9pondre aux exigences de la norme EN 60974-14. Ils sont compacts et ne n\u00e9cessitent pour la plupart pas d\u2019alimentation \u00e9lectrique s\u00e9par\u00e9e, ils sont donc tr\u00e8s facile \u00e0 installer.<\/p>\n\t<\/div>\n<\/div>\n\n\n\n\n\t\t\t<\/div> \n\t\t<\/div>\n\t<\/div> \n<\/div><\/div>\n\t\t<div id=\"fws_69fc88d12c151\"  data-column-margin=\"default\" data-midnight=\"dark\"  class=\"wpb_row vc_row-fluid vc_row\"  style=\"padding-top: 0px; padding-bottom: 0px; \"><div class=\"row-bg-wrap\" data-bg-animation=\"none\" data-bg-animation-delay=\"\" data-bg-overlay=\"false\"><div class=\"inner-wrap row-bg-layer\" ><div class=\"row-bg viewport-desktop\"  style=\"\"><\/div><\/div><\/div><div class=\"row_col_wrap_12 col span_12 dark left\">\n\t<div  class=\"vc_col-sm-12 wpb_column column_container vc_column_container col no-extra-padding inherit_tablet inherit_phone \"  data-padding-pos=\"all\" data-has-bg-color=\"false\" data-bg-color=\"\" data-bg-opacity=\"1\" data-animation=\"\" data-delay=\"0\" >\n\t\t<div class=\"vc_column-inner\" >\n\t\t\t<div class=\"wpb_wrapper\">\n\t\t\t\t<div id=\"fws_69fc88d12cc35\" data-midnight=\"\" data-column-margin=\"default\" class=\"wpb_row vc_row-fluid vc_row inner_row\"  style=\"padding-top: 1%; padding-bottom: 1%; \"><div class=\"row-bg-wrap\"> <div class=\"row-bg\" ><\/div> <\/div><div class=\"row_col_wrap_12_inner col span_12  left\">\n\t<div  class=\"vc_col-sm-4 wpb_column column_container vc_column_container col child_column padding-1-percent inherit_tablet inherit_phone \"   data-shadow=\"small_depth\" data-border-radius=\"5px\" data-border-animation=\"\" data-border-animation-delay=\"\" data-border-width=\"1px\" data-border-style=\"solid\" data-border-color=\"#cccccc\" data-padding-pos=\"all\" data-has-bg-color=\"false\" data-bg-color=\"\" data-bg-opacity=\"1\" data-animation=\"\" data-delay=\"0\" >\n\t\t<div class=\"vc_column-inner\" style=\"border: 1px solid #cccccc;\"><div class=\"column-bg-overlay-wrap column-bg-layer\" data-bg-animation=\"none\"><div class=\"column-bg-overlay\"><\/div><\/div>\n\t\t<div class=\"wpb_wrapper\">\n\t\t\t<div class=\"img-with-aniamtion-wrap  custom-size\" data-max-width=\"100%\" data-max-width-mobile=\"default\" data-border-radius=\"3px\" data-shadow=\"none\" data-animation=\"none\" >\n      <div class=\"inner\">\n        <div class=\"hover-wrap\"> \n          <div class=\"hover-wrap-inner\">\n            <img loading=\"lazy\" decoding=\"async\" class=\"img-with-animation skip-lazy\" data-delay=\"0\" height=\"569\" width=\"569\" data-animation=\"none\" src=\"https:\/\/geosoud.fr\/wp-content\/uploads\/2025\/02\/Banc-de-charge-600A.png\" alt=\"\" srcset=\"https:\/\/geosoud.fr\/wp-content\/uploads\/2025\/02\/Banc-de-charge-600A.png 569w, https:\/\/geosoud.fr\/wp-content\/uploads\/2025\/02\/Banc-de-charge-600A-300x300.png 300w, https:\/\/geosoud.fr\/wp-content\/uploads\/2025\/02\/Banc-de-charge-600A-150x150.png 150w, https:\/\/geosoud.fr\/wp-content\/uploads\/2025\/02\/Banc-de-charge-600A-140x140.png 140w, https:\/\/geosoud.fr\/wp-content\/uploads\/2025\/02\/Banc-de-charge-600A-100x100.png 100w, https:\/\/geosoud.fr\/wp-content\/uploads\/2025\/02\/Banc-de-charge-600A-500x500.png 500w, https:\/\/geosoud.fr\/wp-content\/uploads\/2025\/02\/Banc-de-charge-600A-350x350.png 350w\" sizes=\"auto, (max-width: 569px) 100vw, 569px\" \/>\n          <\/div>\n        <\/div>\n      <\/div>\n    <\/div><a class=\"nectar-button small regular accent-color  regular-button\"  role=\"button\" style=\"\" target=\"_blank\" href=\"https:\/\/geosoud.fr\/wp-content\/uploads\/2025\/02\/Bancs-de-charge-et-detalonnage-PRO.pdf\" data-color-override=\"false\" data-hover-color-override=\"false\" data-hover-text-color-override=\"#fff\"><span>Brochure<\/span><\/a>\n\t\t<\/div> \n\t<\/div>\n\t<\/div> \n\n\t<div  class=\"vc_col-sm-4 wpb_column column_container vc_column_container col child_column padding-1-percent inherit_tablet inherit_phone \"   data-shadow=\"small_depth\" data-border-radius=\"5px\" data-border-animation=\"\" data-border-animation-delay=\"\" data-border-width=\"1px\" data-border-style=\"solid\" data-border-color=\"#cccccc\" data-padding-pos=\"all\" data-has-bg-color=\"false\" data-bg-color=\"\" data-bg-opacity=\"1\" data-animation=\"\" data-delay=\"0\" >\n\t\t<div class=\"vc_column-inner\" style=\"border: 1px solid #cccccc;\"><div class=\"column-bg-overlay-wrap column-bg-layer\" data-bg-animation=\"none\"><div class=\"column-bg-overlay\"><\/div><\/div>\n\t\t<div class=\"wpb_wrapper\">\n\t\t\t<div class=\"img-with-aniamtion-wrap  custom-size\" data-max-width=\"100%\" data-max-width-mobile=\"default\" data-border-radius=\"3px\" data-shadow=\"none\" data-animation=\"none\" >\n      <div class=\"inner\">\n        <div class=\"hover-wrap\"> \n          <div class=\"hover-wrap-inner\">\n            <img loading=\"lazy\" decoding=\"async\" class=\"img-with-animation skip-lazy\" data-delay=\"0\" height=\"569\" width=\"569\" data-animation=\"none\" src=\"https:\/\/geosoud.fr\/wp-content\/uploads\/2025\/02\/Coffret-daffichage-CALIBOX-6000i.jpg\" alt=\"\" srcset=\"https:\/\/geosoud.fr\/wp-content\/uploads\/2025\/02\/Coffret-daffichage-CALIBOX-6000i.jpg 569w, https:\/\/geosoud.fr\/wp-content\/uploads\/2025\/02\/Coffret-daffichage-CALIBOX-6000i-300x300.jpg 300w, https:\/\/geosoud.fr\/wp-content\/uploads\/2025\/02\/Coffret-daffichage-CALIBOX-6000i-150x150.jpg 150w, https:\/\/geosoud.fr\/wp-content\/uploads\/2025\/02\/Coffret-daffichage-CALIBOX-6000i-140x140.jpg 140w, https:\/\/geosoud.fr\/wp-content\/uploads\/2025\/02\/Coffret-daffichage-CALIBOX-6000i-100x100.jpg 100w, https:\/\/geosoud.fr\/wp-content\/uploads\/2025\/02\/Coffret-daffichage-CALIBOX-6000i-500x500.jpg 500w, https:\/\/geosoud.fr\/wp-content\/uploads\/2025\/02\/Coffret-daffichage-CALIBOX-6000i-350x350.jpg 350w\" sizes=\"auto, (max-width: 569px) 100vw, 569px\" \/>\n          <\/div>\n        <\/div>\n      <\/div>\n    <\/div><a class=\"nectar-button small regular accent-color  regular-button\"  role=\"button\" style=\"\" target=\"_blank\" href=\"https:\/\/geosoud.fr\/wp-content\/uploads\/2025\/02\/Coffrets-affichage-CALI.pdf\" data-color-override=\"false\" data-hover-color-override=\"false\" data-hover-text-color-override=\"#fff\"><span>Brochure<\/span><\/a>\n\t\t<\/div> \n\t<\/div>\n\t<\/div> \n\n\t<div  class=\"vc_col-sm-4 wpb_column column_container vc_column_container col child_column padding-1-percent inherit_tablet inherit_phone \"   data-shadow=\"small_depth\" data-border-radius=\"5px\" data-border-animation=\"\" data-border-animation-delay=\"\" data-border-width=\"1px\" data-border-style=\"solid\" data-border-color=\"#cccccc\" data-padding-pos=\"all\" data-has-bg-color=\"false\" data-bg-color=\"\" data-bg-opacity=\"1\" data-animation=\"\" data-delay=\"0\" >\n\t\t<div class=\"vc_column-inner\" style=\"border: 1px solid #cccccc;\"><div class=\"column-bg-overlay-wrap column-bg-layer\" data-bg-animation=\"none\"><div class=\"column-bg-overlay\"><\/div><\/div>\n\t\t<div class=\"wpb_wrapper\">\n\t\t\t<div class=\"img-with-aniamtion-wrap  custom-size\" data-max-width=\"100%\" data-max-width-mobile=\"default\" data-border-radius=\"3px\" data-shadow=\"none\" data-animation=\"none\" >\n      <div class=\"inner\">\n        <div class=\"hover-wrap\"> \n          <div class=\"hover-wrap-inner\">\n            <img loading=\"lazy\" decoding=\"async\" class=\"img-with-animation skip-lazy\" data-delay=\"0\" height=\"569\" width=\"569\" data-animation=\"none\" src=\"https:\/\/geosoud.fr\/wp-content\/uploads\/2025\/02\/Coffret-daffichage-CALI-MIG.jpg\" alt=\"\" srcset=\"https:\/\/geosoud.fr\/wp-content\/uploads\/2025\/02\/Coffret-daffichage-CALI-MIG.jpg 569w, https:\/\/geosoud.fr\/wp-content\/uploads\/2025\/02\/Coffret-daffichage-CALI-MIG-300x300.jpg 300w, https:\/\/geosoud.fr\/wp-content\/uploads\/2025\/02\/Coffret-daffichage-CALI-MIG-150x150.jpg 150w, https:\/\/geosoud.fr\/wp-content\/uploads\/2025\/02\/Coffret-daffichage-CALI-MIG-140x140.jpg 140w, https:\/\/geosoud.fr\/wp-content\/uploads\/2025\/02\/Coffret-daffichage-CALI-MIG-100x100.jpg 100w, https:\/\/geosoud.fr\/wp-content\/uploads\/2025\/02\/Coffret-daffichage-CALI-MIG-500x500.jpg 500w, https:\/\/geosoud.fr\/wp-content\/uploads\/2025\/02\/Coffret-daffichage-CALI-MIG-350x350.jpg 350w\" sizes=\"auto, (max-width: 569px) 100vw, 569px\" \/>\n          <\/div>\n        <\/div>\n      <\/div>\n    <\/div><a class=\"nectar-button small regular accent-color  regular-button\"  role=\"button\" style=\"\" target=\"_blank\" href=\"https:\/\/geosoud.fr\/wp-content\/uploads\/2025\/02\/Coffrets-affichage-CALI.pdf\" data-color-override=\"false\" data-hover-color-override=\"false\" data-hover-text-color-override=\"#fff\"><span>Brochure<\/span><\/a>\n\t\t<\/div> \n\t<\/div>\n\t<\/div> \n<\/div><\/div>\n\t\t\t<\/div> \n\t\t<\/div>\n\t<\/div> \n<\/div><\/div>\n","protected":false},"excerpt":{"rendered":"Bancs de charge pour la v\u00e9rification des postes \u00e0 souder Diff\u00e9rents types de banc de charge \u00e0 r\u00e9sistances pour la v\u00e9rification et l\u2019\u00e9talonnage des postes \u00e0 souder, de puissance 400A...","protected":false},"author":1,"featured_media":0,"parent":0,"menu_order":0,"comment_status":"closed","ping_status":"closed","template":"","meta":{"footnotes":""},"class_list":["post-155","page","type-page","status-publish"],"_links":{"self":[{"href":"https:\/\/geosoud.fr\/index.php\/wp-json\/wp\/v2\/pages\/155","targetHints":{"allow":["GET"]}}],"collection":[{"href":"https:\/\/geosoud.fr\/index.php\/wp-json\/wp\/v2\/pages"}],"about":[{"href":"https:\/\/geosoud.fr\/index.php\/wp-json\/wp\/v2\/types\/page"}],"author":[{"embeddable":true,"href":"https:\/\/geosoud.fr\/index.php\/wp-json\/wp\/v2\/users\/1"}],"replies":[{"embeddable":true,"href":"https:\/\/geosoud.fr\/index.php\/wp-json\/wp\/v2\/comments?post=155"}],"version-history":[{"count":3,"href":"https:\/\/geosoud.fr\/index.php\/wp-json\/wp\/v2\/pages\/155\/revisions"}],"predecessor-version":[{"id":334,"href":"https:\/\/geosoud.fr\/index.php\/wp-json\/wp\/v2\/pages\/155\/revisions\/334"}],"wp:attachment":[{"href":"https:\/\/geosoud.fr\/index.php\/wp-json\/wp\/v2\/media?parent=155"}],"curies":[{"name":"wp","href":"https:\/\/api.w.org\/{rel}","templated":true}]}}